{"id":54,"date":"2022-08-10T14:24:59","date_gmt":"2022-08-10T12:24:59","guid":{"rendered":"https:\/\/survband.com\/?post_type=product&#038;p=3221"},"modified":"2025-08-26T12:49:58","modified_gmt":"2025-08-26T10:49:58","slug":"worko-plecak-kido-rozowy","status":"publish","type":"product","link":"https:\/\/survband.com\/pl\/produkt\/worko-plecak-kido-rozowy\/","title":{"rendered":"Worko plecak Kido R\u00f3\u017cowy"},"content":{"rendered":"<p>R\u00f3\u017cowy worek szkolny od Surv to \u015bwietne rozwi\u0105zanie dla dzieci w wieku szkolnym. Worek to dobre rozwi\u0105zanie na wycieczk\u0119 szkoln\u0105, zaj\u0119cia pozalekcyjne czy jako worek do przechowywania stroju na WF i kapci szkolnych.<br \/>\nWorek uszyty z wodoodpornej tkaniny, \u0142atwy w czyszczeniu (mo\u017cna go pra\u0107 w pralce).<\/p>\n<p>Worko plecak posiada wszyt\u0105 kiesze\u0144 na zamek, dzi\u0119ki czemu mo\u017cesz tam przechowywa\u0107 kapcie szkolne &#8211; obuwie na zmian\u0119 lub np. klapki na basen. Worek posiada du\u017c\u0105 kiesze\u0144 w \u015brodku a w niej wyodr\u0119bnion\u0105 kiesze\u0144 na bidon, oraz kieszonk\u0119 na zamek na portfel, legitymacje itp.<\/p>\n<p>Worek posiada regulowane raczki dzi\u0119ki czemu mo\u017cna go wygodnie dopasowa\u0107.<\/p>\n<h3>Szczeg\u00f3\u0142y produktu<\/h3>\n<ul>\n<li>Wymiary: 42 x 40 cm<\/li>\n<li>Wodoodporna tkanina odporna na rozrywanie, 100% Poliester 180g\/m2<\/li>\n<li>Trzy kieszenie na zamek<\/li>\n<li>Zwi\u0119z\u0142y wygl\u0105d i dobrze uszyte R\u0118CZNIE WYKONANE rzemios\u0142o.<\/li>\n<li>Marka : SURV<\/li>\n<li>Wyprodukowano w Europie, Polska<\/li>\n<\/ul>\n","protected":false},"excerpt":{"rendered":"<p>R\u00f3\u017cowy worek szkolny od Surv to \u015bwietne rozwi\u0105zanie dla dzieci w wieku szkolnym. Worek to dobre rozwi\u0105zanie na wycieczk\u0119 szkoln\u0105, zaj\u0119cia pozalekcyjne czy jako worek do przechowywania stroju na WF i kapci szkolnych. Worek uszyty z wodoodpornej tkaniny, \u0142atwy w czyszczeniu (mo\u017cna go pra\u0107 w pralce). Worko plecak posiada wszyt\u0105 kiesze\u0144 na zamek, dzi\u0119ki czemu [&#8230;]\n","protected":false},"featured_media":55,"comment_status":"open","ping_status":"closed","template":"","meta":{"inline_featured_image":false},"product_cat":[16],"product_tag":[],"yoast_head":"<!-- This site is optimized with the Yoast SEO plugin v21.9.1 - https:\/\/yoast.com\/wordpress\/plugins\/seo\/ -->\n<title>Worko plecak Kido R\u00f3\u017cowy - SURV<\/title>\n<meta name=\"description\" content=\"R\u00f3\u017cowy worek szkolny od Surv to \u015bwietne rozwi\u0105zanie dla dzieci w wieku szkolnym. Worek to dobre rozwi\u0105zanie na wycieczk\u0119 szkoln\u0105 zaj\u0119cia pozalekcyjne czy jako worek do przechowywania stroju na WF i kapci szkolnych.\" \/>\n<meta name=\"robots\" content=\"index, follow, max-snippet:-1, max-image-preview:large, max-video-preview:-1\" \/>\n<link rel=\"canonical\" href=\"https:\/\/survband.com\/pl\/produkt\/worko-plecak-kido-rozowy\/\" \/>\n<meta property=\"og:locale\" content=\"pl_PL\" \/>\n<meta property=\"og:type\" content=\"article\" \/>\n<meta property=\"og:title\" content=\"Worko plecak Kido R\u00f3\u017cowy - SURV\" \/>\n<meta property=\"og:description\" content=\"R\u00f3\u017cowy worek szkolny od Surv to \u015bwietne rozwi\u0105zanie dla dzieci w wieku szkolnym. Worek to dobre rozwi\u0105zanie na wycieczk\u0119 szkoln\u0105 zaj\u0119cia pozalekcyjne czy jako worek do przechowywania stroju na WF i kapci szkolnych.\" \/>\n<meta property=\"og:url\" content=\"https:\/\/survband.com\/pl\/produkt\/worko-plecak-kido-rozowy\/\" \/>\n<meta property=\"og:site_name\" content=\"SURV\" \/>\n<meta property=\"article:publisher\" content=\"https:\/\/www.facebook.com\/SURVBAND\" \/>\n<meta property=\"article:modified_time\" content=\"2025-08-26T10:49:58+00:00\" \/>\n<meta property=\"og:image\" content=\"https:\/\/survband.com\/pl\/wp-content\/uploads\/2022\/11\/plecako_worek_rozowy.jpg\" \/>\n\t<meta property=\"og:image:width\" content=\"1800\" \/>\n\t<meta property=\"og:image:height\" content=\"1800\" \/>\n\t<meta property=\"og:image:type\" content=\"image\/jpeg\" \/>\n<meta name=\"twitter:card\" content=\"summary_large_image\" \/>\n<meta name=\"twitter:label1\" content=\"Szacowany czas czytania\" \/>\n\t<meta name=\"twitter:data1\" content=\"1 minuta\" \/>\n<script type=\"application\/ld+json\" class=\"yoast-schema-graph\">{\"@context\":\"https:\/\/schema.org\",\"@graph\":[{\"@type\":\"WebPage\",\"@id\":\"https:\/\/survband.com\/pl\/produkt\/worko-plecak-kido-rozowy\/\",\"url\":\"https:\/\/survband.com\/pl\/produkt\/worko-plecak-kido-rozowy\/\",\"name\":\"Worko plecak Kido R\u00f3\u017cowy - SURV\",\"isPartOf\":{\"@id\":\"https:\/\/survband.com\/pl\/#website\"},\"datePublished\":\"2022-08-10T12:24:59+00:00\",\"dateModified\":\"2025-08-26T10:49:58+00:00\",\"description\":\"R\u00f3\u017cowy worek szkolny od Surv to \u015bwietne rozwi\u0105zanie dla dzieci w wieku szkolnym. Worek to dobre rozwi\u0105zanie na wycieczk\u0119 szkoln\u0105 zaj\u0119cia pozalekcyjne czy jako worek do przechowywania stroju na WF i kapci szkolnych.\",\"breadcrumb\":{\"@id\":\"https:\/\/survband.com\/pl\/produkt\/worko-plecak-kido-rozowy\/#breadcrumb\"},\"inLanguage\":\"pl-PL\",\"potentialAction\":[{\"@type\":\"ReadAction\",\"target\":[\"https:\/\/survband.com\/pl\/produkt\/worko-plecak-kido-rozowy\/\"]}]},{\"@type\":\"BreadcrumbList\",\"@id\":\"https:\/\/survband.com\/pl\/produkt\/worko-plecak-kido-rozowy\/#breadcrumb\",\"itemListElement\":[{\"@type\":\"ListItem\",\"position\":1,\"name\":\"Strona g\u0142\u00f3wna\",\"item\":\"https:\/\/survband.com\/pl\/\"},{\"@type\":\"ListItem\",\"position\":2,\"name\":\"Sklep\",\"item\":\"https:\/\/survband.com\/pl\/sklep\/\"},{\"@type\":\"ListItem\",\"position\":3,\"name\":\"Worko plecak Kido R\u00f3\u017cowy\"}]},{\"@type\":\"WebSite\",\"@id\":\"https:\/\/survband.com\/pl\/#website\",\"url\":\"https:\/\/survband.com\/pl\/\",\"name\":\"SURV\",\"description\":\"SURV - polska marka z najwy\u017cszej jako\u015bci torbami Tote, pokrowcami na laptopy, workami dla dzieci. Sprawd\u017a nasz\u0105 ofert\u0119 i wybierz co\u015b dla siebie.\",\"publisher\":{\"@id\":\"https:\/\/survband.com\/pl\/#organization\"},\"potentialAction\":[{\"@type\":\"SearchAction\",\"target\":{\"@type\":\"EntryPoint\",\"urlTemplate\":\"https:\/\/survband.com\/pl\/?s={search_term_string}\"},\"query-input\":\"required name=search_term_string\"}],\"inLanguage\":\"pl-PL\"},{\"@type\":\"Organization\",\"@id\":\"https:\/\/survband.com\/pl\/#organization\",\"name\":\"SURV\",\"url\":\"https:\/\/survband.com\/pl\/\",\"logo\":{\"@type\":\"ImageObject\",\"inLanguage\":\"pl-PL\",\"@id\":\"https:\/\/survband.com\/pl\/#\/schema\/logo\/image\/\",\"url\":\"https:\/\/survband.com\/pl\/wp-content\/uploads\/2022\/11\/surv_logo_znak.png\",\"contentUrl\":\"https:\/\/survband.com\/pl\/wp-content\/uploads\/2022\/11\/surv_logo_znak.png\",\"width\":300,\"height\":100,\"caption\":\"SURV\"},\"image\":{\"@id\":\"https:\/\/survband.com\/pl\/#\/schema\/logo\/image\/\"},\"sameAs\":[\"https:\/\/www.facebook.com\/SURVBAND\",\"https:\/\/www.instagram.com\/surv.band\/\"]}]}<\/script>\n<!-- \/ Yoast SEO plugin. -->","yoast_head_json":{"title":"Worko plecak Kido R\u00f3\u017cowy - SURV","description":"R\u00f3\u017cowy worek szkolny od Surv to \u015bwietne rozwi\u0105zanie dla dzieci w wieku szkolnym. Worek to dobre rozwi\u0105zanie na wycieczk\u0119 szkoln\u0105 zaj\u0119cia pozalekcyjne czy jako worek do przechowywania stroju na WF i kapci szkolnych.","robots":{"index":"index","follow":"follow","max-snippet":"max-snippet:-1","max-image-preview":"max-image-preview:large","max-video-preview":"max-video-preview:-1"},"canonical":"https:\/\/survband.com\/pl\/produkt\/worko-plecak-kido-rozowy\/","og_locale":"pl_PL","og_type":"article","og_title":"Worko plecak Kido R\u00f3\u017cowy - SURV","og_description":"R\u00f3\u017cowy worek szkolny od Surv to \u015bwietne rozwi\u0105zanie dla dzieci w wieku szkolnym. Worek to dobre rozwi\u0105zanie na wycieczk\u0119 szkoln\u0105 zaj\u0119cia pozalekcyjne czy jako worek do przechowywania stroju na WF i kapci szkolnych.","og_url":"https:\/\/survband.com\/pl\/produkt\/worko-plecak-kido-rozowy\/","og_site_name":"SURV","article_publisher":"https:\/\/www.facebook.com\/SURVBAND","article_modified_time":"2025-08-26T10:49:58+00:00","og_image":[{"width":1800,"height":1800,"url":"https:\/\/survband.com\/pl\/wp-content\/uploads\/2022\/11\/plecako_worek_rozowy.jpg","type":"image\/jpeg"}],"twitter_card":"summary_large_image","twitter_misc":{"Szacowany czas czytania":"1 minuta"},"schema":{"@context":"https:\/\/schema.org","@graph":[{"@type":"WebPage","@id":"https:\/\/survband.com\/pl\/produkt\/worko-plecak-kido-rozowy\/","url":"https:\/\/survband.com\/pl\/produkt\/worko-plecak-kido-rozowy\/","name":"Worko plecak Kido R\u00f3\u017cowy - SURV","isPartOf":{"@id":"https:\/\/survband.com\/pl\/#website"},"datePublished":"2022-08-10T12:24:59+00:00","dateModified":"2025-08-26T10:49:58+00:00","description":"R\u00f3\u017cowy worek szkolny od Surv to \u015bwietne rozwi\u0105zanie dla dzieci w wieku szkolnym. Worek to dobre rozwi\u0105zanie na wycieczk\u0119 szkoln\u0105 zaj\u0119cia pozalekcyjne czy jako worek do przechowywania stroju na WF i kapci szkolnych.","breadcrumb":{"@id":"https:\/\/survband.com\/pl\/produkt\/worko-plecak-kido-rozowy\/#breadcrumb"},"inLanguage":"pl-PL","potentialAction":[{"@type":"ReadAction","target":["https:\/\/survband.com\/pl\/produkt\/worko-plecak-kido-rozowy\/"]}]},{"@type":"BreadcrumbList","@id":"https:\/\/survband.com\/pl\/produkt\/worko-plecak-kido-rozowy\/#breadcrumb","itemListElement":[{"@type":"ListItem","position":1,"name":"Strona g\u0142\u00f3wna","item":"https:\/\/survband.com\/pl\/"},{"@type":"ListItem","position":2,"name":"Sklep","item":"https:\/\/survband.com\/pl\/sklep\/"},{"@type":"ListItem","position":3,"name":"Worko plecak Kido R\u00f3\u017cowy"}]},{"@type":"WebSite","@id":"https:\/\/survband.com\/pl\/#website","url":"https:\/\/survband.com\/pl\/","name":"SURV","description":"SURV - polska marka z najwy\u017cszej jako\u015bci torbami Tote, pokrowcami na laptopy, workami dla dzieci. Sprawd\u017a nasz\u0105 ofert\u0119 i wybierz co\u015b dla siebie.","publisher":{"@id":"https:\/\/survband.com\/pl\/#organization"},"potentialAction":[{"@type":"SearchAction","target":{"@type":"EntryPoint","urlTemplate":"https:\/\/survband.com\/pl\/?s={search_term_string}"},"query-input":"required name=search_term_string"}],"inLanguage":"pl-PL"},{"@type":"Organization","@id":"https:\/\/survband.com\/pl\/#organization","name":"SURV","url":"https:\/\/survband.com\/pl\/","logo":{"@type":"ImageObject","inLanguage":"pl-PL","@id":"https:\/\/survband.com\/pl\/#\/schema\/logo\/image\/","url":"https:\/\/survband.com\/pl\/wp-content\/uploads\/2022\/11\/surv_logo_znak.png","contentUrl":"https:\/\/survband.com\/pl\/wp-content\/uploads\/2022\/11\/surv_logo_znak.png","width":300,"height":100,"caption":"SURV"},"image":{"@id":"https:\/\/survband.com\/pl\/#\/schema\/logo\/image\/"},"sameAs":["https:\/\/www.facebook.com\/SURVBAND","https:\/\/www.instagram.com\/surv.band\/"]}]}},"_links":{"self":[{"href":"https:\/\/survband.com\/pl\/wp-json\/wp\/v2\/product\/54"}],"collection":[{"href":"https:\/\/survband.com\/pl\/wp-json\/wp\/v2\/product"}],"about":[{"href":"https:\/\/survband.com\/pl\/wp-json\/wp\/v2\/types\/product"}],"replies":[{"embeddable":true,"href":"https:\/\/survband.com\/pl\/wp-json\/wp\/v2\/comments?post=54"}],"wp:featuredmedia":[{"embeddable":true,"href":"https:\/\/survband.com\/pl\/wp-json\/wp\/v2\/media\/55"}],"wp:attachment":[{"href":"https:\/\/survband.com\/pl\/wp-json\/wp\/v2\/media?parent=54"}],"wp:term":[{"taxonomy":"product_cat","embeddable":true,"href":"https:\/\/survband.com\/pl\/wp-json\/wp\/v2\/product_cat?post=54"},{"taxonomy":"product_tag","embeddable":true,"href":"https:\/\/survband.com\/pl\/wp-json\/wp\/v2\/product_tag?post=54"}],"curies":[{"name":"wp","href":"https:\/\/api.w.org\/{rel}","templated":true}]}}