{"id":158,"date":"2022-05-31T10:44:12","date_gmt":"2022-05-31T08:44:12","guid":{"rendered":"https:\/\/survband.com\/?post_type=product&#038;p=3747"},"modified":"2026-01-21T01:35:50","modified_gmt":"2026-01-21T00:35:50","slug":"etui-na-laptop-jungle-niebieski-pokrowiec-na-laptop","status":"publish","type":"product","link":"https:\/\/survband.com\/pl\/produkt\/etui-na-laptop-jungle-niebieski-pokrowiec-na-laptop\/","title":{"rendered":"Etui na laptop Jungle, niebieski pokrowiec na laptop"},"content":{"rendered":"<h3><b>Etui na laptop w kolorze niebieskim \u2013 Jungle laptop sleeve<\/b><\/h3>\n<p>Codzienna praca czasem bywa nudna i jednym z codziennych umilaczy przy jej rozpocz\u0119ciu, mo\u017ce by\u0107 pi\u0119kne<strong> etui od Surv.<\/strong><\/p>\n<p><strong>Pokrowiec na laptop Jungle<\/strong>\u00a0zosta\u0142 stworzony by cieszy\u0107 oko i by\u0107 u\u017cytecznym elementem w codziennej pracy.<\/p>\n<p><strong>Case na laptop Jungle w kolorze niebieskim z motywem spaceruj\u0105cych tygrys\u00f3w w li\u015bciastej d\u017cungli. Wn\u0119trze jest <\/strong><b>usztywnione i zabezpieczone od rysowania dzi\u0119ki pikowanemu velvetowi w kolorze granatowym.<\/b><\/p>\n<p>Je\u017celi jeste\u015b wielbicielk\u0105 pi\u0119knych rzeczy, szytych ze staranno\u015bci\u0105, to mamy co\u015b co mo\u017ce ci si\u0119 spodoba\u0107 a jednocze\u015bnie umili\u0107 codzienne zagl\u0105dania do komputera \ud83d\ude09<\/p>\n<p><strong>Pokrowiec na laptop Jungle<\/strong>, to oryginalne etui, starannie uszyte w naszej pracowni. <strong>Produkty Surv s\u0105 w ca\u0142o\u015bci zaprojektowane i wykonane w Polsce.<\/strong><\/p>\n<p><strong>Etui Jungle<\/strong> od Surv, to:<\/p>\n<ul>\n<li><strong>wytrzyma\u0142y pokrowiec na laptop<\/strong> \u2013\u00a0wszyte usztywnienie zabezpiecza boki oraz amortyzuje przy uderzeniu lub upadku<\/li>\n<li><strong>odporne na zarysowania powierzchni laptopa<\/strong> \u2013 wn\u0119trze pokrowca jest\u00a0pikowane, wyko\u0144czony velvetem; zapewnia mi\u0119kkie i elastyczne zabezpieczenie \u015bcianek komputera<\/li>\n<li><strong>\u0142atwe u\u017cytkowanie<\/strong> \u2013\u00a0podw\u00f3jne zamki u\u0142atwiaj\u0105 codzienne przechowywanie i u\u017cytkowanie. Pokrowiec jest lekki i elastyczny.<\/li>\n<li><strong>atrakcyjne wzornictwo<\/strong> \u2013\u00a0oryginalne wzory, starannie zaprojektowane dodatki<\/li>\n<li>\u0142<strong>atwe w utrzymaniu czysto\u015bci\u00a0\u2013<\/strong> \u00a0dzi\u0119ki doborowi tkanin odpornych na plamy i \u0142atwo czyszcz\u0105cych, wystarczy zwil\u017con\u0105 szmatk\u0105 przemy\u0107 w miejscu zabrudzenia<\/li>\n<li><strong>wysoka jako\u015b\u0107 tkanin<\/strong> \u2013 mocna i gruba tkanina odporna na blakni\u0119cia i \u015bcieranie \u2013 gruby splot tkanin i wysoka gramatura 320g\/m2<\/li>\n<li><strong>dwustronny wz\u00f3r w kolorze niebieskim,<\/strong> wyko\u0144czony ozdobn\u0105 lam\u00f3wk\u0105<\/li>\n<li><strong>tkaniny dekoracyjne<\/strong> \u2013\u00a060% polyester 40% bawe\u0142na.<\/li>\n<\/ul>\n<p>Wymiary (do wyboru):<\/p>\n<ul>\n<li>10\u201d (28.5 x 21 cm)<\/li>\n<li>12\u201d (32 x 24 cm)<\/li>\n<li>13\u201d(33 x 24 cm) \u2013 Apple Macbook Air 13\u2033, Acer Aspire S3\/ S7, Dell XPS 12, pasuje r\u00f3wnie\u017c do innych laptop\u00f3w z podobnymi wymiarami<\/li>\n<li>15\u201d (40 x 32 cm)<\/li>\n<\/ul>\n<p>Instrukcja piel\u0119gnacji:<\/p>\n<p><strong>W przypadku zabrudzenia u\u017cyj wilgotnej \u015bciereczki z myd\u0142em.<\/strong><\/p>\n","protected":false},"excerpt":{"rendered":"<p>Etui na laptop w kolorze niebieskim \u2013 Jungle laptop sleeve Codzienna praca czasem bywa nudna i jednym z codziennych umilaczy przy jej rozpocz\u0119ciu, mo\u017ce by\u0107 pi\u0119kne etui od Surv. Pokrowiec na laptop Jungle\u00a0zosta\u0142 stworzony by cieszy\u0107 oko i by\u0107 u\u017cytecznym elementem w codziennej pracy. Case na laptop Jungle w kolorze niebieskim z motywem spaceruj\u0105cych tygrys\u00f3w [&#8230;]\n","protected":false},"featured_media":240,"comment_status":"open","ping_status":"closed","template":"","meta":{"inline_featured_image":false},"product_cat":[26],"product_tag":[],"yoast_head":"<!-- This site is optimized with the Yoast SEO plugin v21.9.1 - https:\/\/yoast.com\/wordpress\/plugins\/seo\/ -->\n<title>Etui na laptop Jungle, niebieski pokrowiec na laptop - SURV<\/title>\n<meta name=\"description\" content=\"Torba na laptop Jungle w kolorze niebieskim z motywem spaceruj\u0105cych tygrys\u00f3w w li\u015bciastej d\u017cungli. Wn\u0119trze jest\u00a0usztywnione i zabezpieczone od rysowania dzi\u0119ki pikowanemu velvetowi w kolorze granatowym.\" \/>\n<meta name=\"robots\" content=\"index, follow, max-snippet:-1, max-image-preview:large, max-video-preview:-1\" \/>\n<link rel=\"canonical\" href=\"https:\/\/survband.com\/pl\/produkt\/etui-na-laptop-jungle-niebieski-pokrowiec-na-laptop\/\" \/>\n<meta property=\"og:locale\" content=\"pl_PL\" \/>\n<meta property=\"og:type\" content=\"article\" \/>\n<meta property=\"og:title\" content=\"Etui na laptop Jungle, niebieski pokrowiec na laptop - SURV\" \/>\n<meta property=\"og:description\" content=\"Torba na laptop Jungle w kolorze niebieskim z motywem spaceruj\u0105cych tygrys\u00f3w w li\u015bciastej d\u017cungli. Wn\u0119trze jest\u00a0usztywnione i zabezpieczone od rysowania dzi\u0119ki pikowanemu velvetowi w kolorze granatowym.\" \/>\n<meta property=\"og:url\" content=\"https:\/\/survband.com\/pl\/produkt\/etui-na-laptop-jungle-niebieski-pokrowiec-na-laptop\/\" \/>\n<meta property=\"og:site_name\" content=\"SURV\" \/>\n<meta property=\"article:publisher\" content=\"https:\/\/www.facebook.com\/SURVBAND\" \/>\n<meta property=\"article:modified_time\" content=\"2026-01-21T00:35:50+00:00\" \/>\n<meta property=\"og:image\" content=\"https:\/\/survband.com\/pl\/wp-content\/uploads\/2022\/11\/Jungle_Laptop_Case_Sleeve_2_1800px-1.jpg\" \/>\n\t<meta property=\"og:image:width\" content=\"1800\" \/>\n\t<meta property=\"og:image:height\" content=\"1800\" \/>\n\t<meta property=\"og:image:type\" content=\"image\/jpeg\" \/>\n<meta name=\"twitter:card\" content=\"summary_large_image\" \/>\n<meta name=\"twitter:label1\" content=\"Szacowany czas czytania\" \/>\n\t<meta name=\"twitter:data1\" content=\"2 minuty\" \/>\n<script type=\"application\/ld+json\" class=\"yoast-schema-graph\">{\"@context\":\"https:\/\/schema.org\",\"@graph\":[{\"@type\":\"WebPage\",\"@id\":\"https:\/\/survband.com\/pl\/produkt\/etui-na-laptop-jungle-niebieski-pokrowiec-na-laptop\/\",\"url\":\"https:\/\/survband.com\/pl\/produkt\/etui-na-laptop-jungle-niebieski-pokrowiec-na-laptop\/\",\"name\":\"Etui na laptop Jungle, niebieski pokrowiec na laptop - SURV\",\"isPartOf\":{\"@id\":\"https:\/\/survband.com\/pl\/#website\"},\"datePublished\":\"2022-05-31T08:44:12+00:00\",\"dateModified\":\"2026-01-21T00:35:50+00:00\",\"description\":\"Torba na laptop Jungle w kolorze niebieskim z motywem spaceruj\u0105cych tygrys\u00f3w w li\u015bciastej d\u017cungli. Wn\u0119trze jest\u00a0usztywnione i zabezpieczone od rysowania dzi\u0119ki pikowanemu velvetowi w kolorze granatowym.\",\"breadcrumb\":{\"@id\":\"https:\/\/survband.com\/pl\/produkt\/etui-na-laptop-jungle-niebieski-pokrowiec-na-laptop\/#breadcrumb\"},\"inLanguage\":\"pl-PL\",\"potentialAction\":[{\"@type\":\"ReadAction\",\"target\":[\"https:\/\/survband.com\/pl\/produkt\/etui-na-laptop-jungle-niebieski-pokrowiec-na-laptop\/\"]}]},{\"@type\":\"BreadcrumbList\",\"@id\":\"https:\/\/survband.com\/pl\/produkt\/etui-na-laptop-jungle-niebieski-pokrowiec-na-laptop\/#breadcrumb\",\"itemListElement\":[{\"@type\":\"ListItem\",\"position\":1,\"name\":\"Strona g\u0142\u00f3wna\",\"item\":\"https:\/\/survband.com\/pl\/\"},{\"@type\":\"ListItem\",\"position\":2,\"name\":\"Sklep\",\"item\":\"https:\/\/survband.com\/pl\/sklep\/\"},{\"@type\":\"ListItem\",\"position\":3,\"name\":\"Etui na laptop Jungle, niebieski pokrowiec na laptop\"}]},{\"@type\":\"WebSite\",\"@id\":\"https:\/\/survband.com\/pl\/#website\",\"url\":\"https:\/\/survband.com\/pl\/\",\"name\":\"SURV\",\"description\":\"SURV - polska marka z najwy\u017cszej jako\u015bci torbami Tote, pokrowcami na laptopy, workami dla dzieci. Sprawd\u017a nasz\u0105 ofert\u0119 i wybierz co\u015b dla siebie.\",\"publisher\":{\"@id\":\"https:\/\/survband.com\/pl\/#organization\"},\"potentialAction\":[{\"@type\":\"SearchAction\",\"target\":{\"@type\":\"EntryPoint\",\"urlTemplate\":\"https:\/\/survband.com\/pl\/?s={search_term_string}\"},\"query-input\":\"required name=search_term_string\"}],\"inLanguage\":\"pl-PL\"},{\"@type\":\"Organization\",\"@id\":\"https:\/\/survband.com\/pl\/#organization\",\"name\":\"SURV\",\"url\":\"https:\/\/survband.com\/pl\/\",\"logo\":{\"@type\":\"ImageObject\",\"inLanguage\":\"pl-PL\",\"@id\":\"https:\/\/survband.com\/pl\/#\/schema\/logo\/image\/\",\"url\":\"https:\/\/survband.com\/pl\/wp-content\/uploads\/2022\/11\/surv_logo_znak.png\",\"contentUrl\":\"https:\/\/survband.com\/pl\/wp-content\/uploads\/2022\/11\/surv_logo_znak.png\",\"width\":300,\"height\":100,\"caption\":\"SURV\"},\"image\":{\"@id\":\"https:\/\/survband.com\/pl\/#\/schema\/logo\/image\/\"},\"sameAs\":[\"https:\/\/www.facebook.com\/SURVBAND\",\"https:\/\/www.instagram.com\/surv.band\/\"]}]}<\/script>\n<!-- \/ Yoast SEO plugin. -->","yoast_head_json":{"title":"Etui na laptop Jungle, niebieski pokrowiec na laptop - SURV","description":"Torba na laptop Jungle w kolorze niebieskim z motywem spaceruj\u0105cych tygrys\u00f3w w li\u015bciastej d\u017cungli. Wn\u0119trze jest\u00a0usztywnione i zabezpieczone od rysowania dzi\u0119ki pikowanemu velvetowi w kolorze granatowym.","robots":{"index":"index","follow":"follow","max-snippet":"max-snippet:-1","max-image-preview":"max-image-preview:large","max-video-preview":"max-video-preview:-1"},"canonical":"https:\/\/survband.com\/pl\/produkt\/etui-na-laptop-jungle-niebieski-pokrowiec-na-laptop\/","og_locale":"pl_PL","og_type":"article","og_title":"Etui na laptop Jungle, niebieski pokrowiec na laptop - SURV","og_description":"Torba na laptop Jungle w kolorze niebieskim z motywem spaceruj\u0105cych tygrys\u00f3w w li\u015bciastej d\u017cungli. Wn\u0119trze jest\u00a0usztywnione i zabezpieczone od rysowania dzi\u0119ki pikowanemu velvetowi w kolorze granatowym.","og_url":"https:\/\/survband.com\/pl\/produkt\/etui-na-laptop-jungle-niebieski-pokrowiec-na-laptop\/","og_site_name":"SURV","article_publisher":"https:\/\/www.facebook.com\/SURVBAND","article_modified_time":"2026-01-21T00:35:50+00:00","og_image":[{"width":1800,"height":1800,"url":"https:\/\/survband.com\/pl\/wp-content\/uploads\/2022\/11\/Jungle_Laptop_Case_Sleeve_2_1800px-1.jpg","type":"image\/jpeg"}],"twitter_card":"summary_large_image","twitter_misc":{"Szacowany czas czytania":"2 minuty"},"schema":{"@context":"https:\/\/schema.org","@graph":[{"@type":"WebPage","@id":"https:\/\/survband.com\/pl\/produkt\/etui-na-laptop-jungle-niebieski-pokrowiec-na-laptop\/","url":"https:\/\/survband.com\/pl\/produkt\/etui-na-laptop-jungle-niebieski-pokrowiec-na-laptop\/","name":"Etui na laptop Jungle, niebieski pokrowiec na laptop - SURV","isPartOf":{"@id":"https:\/\/survband.com\/pl\/#website"},"datePublished":"2022-05-31T08:44:12+00:00","dateModified":"2026-01-21T00:35:50+00:00","description":"Torba na laptop Jungle w kolorze niebieskim z motywem spaceruj\u0105cych tygrys\u00f3w w li\u015bciastej d\u017cungli. Wn\u0119trze jest\u00a0usztywnione i zabezpieczone od rysowania dzi\u0119ki pikowanemu velvetowi w kolorze granatowym.","breadcrumb":{"@id":"https:\/\/survband.com\/pl\/produkt\/etui-na-laptop-jungle-niebieski-pokrowiec-na-laptop\/#breadcrumb"},"inLanguage":"pl-PL","potentialAction":[{"@type":"ReadAction","target":["https:\/\/survband.com\/pl\/produkt\/etui-na-laptop-jungle-niebieski-pokrowiec-na-laptop\/"]}]},{"@type":"BreadcrumbList","@id":"https:\/\/survband.com\/pl\/produkt\/etui-na-laptop-jungle-niebieski-pokrowiec-na-laptop\/#breadcrumb","itemListElement":[{"@type":"ListItem","position":1,"name":"Strona g\u0142\u00f3wna","item":"https:\/\/survband.com\/pl\/"},{"@type":"ListItem","position":2,"name":"Sklep","item":"https:\/\/survband.com\/pl\/sklep\/"},{"@type":"ListItem","position":3,"name":"Etui na laptop Jungle, niebieski pokrowiec na laptop"}]},{"@type":"WebSite","@id":"https:\/\/survband.com\/pl\/#website","url":"https:\/\/survband.com\/pl\/","name":"SURV","description":"SURV - polska marka z najwy\u017cszej jako\u015bci torbami Tote, pokrowcami na laptopy, workami dla dzieci. Sprawd\u017a nasz\u0105 ofert\u0119 i wybierz co\u015b dla siebie.","publisher":{"@id":"https:\/\/survband.com\/pl\/#organization"},"potentialAction":[{"@type":"SearchAction","target":{"@type":"EntryPoint","urlTemplate":"https:\/\/survband.com\/pl\/?s={search_term_string}"},"query-input":"required name=search_term_string"}],"inLanguage":"pl-PL"},{"@type":"Organization","@id":"https:\/\/survband.com\/pl\/#organization","name":"SURV","url":"https:\/\/survband.com\/pl\/","logo":{"@type":"ImageObject","inLanguage":"pl-PL","@id":"https:\/\/survband.com\/pl\/#\/schema\/logo\/image\/","url":"https:\/\/survband.com\/pl\/wp-content\/uploads\/2022\/11\/surv_logo_znak.png","contentUrl":"https:\/\/survband.com\/pl\/wp-content\/uploads\/2022\/11\/surv_logo_znak.png","width":300,"height":100,"caption":"SURV"},"image":{"@id":"https:\/\/survband.com\/pl\/#\/schema\/logo\/image\/"},"sameAs":["https:\/\/www.facebook.com\/SURVBAND","https:\/\/www.instagram.com\/surv.band\/"]}]}},"_links":{"self":[{"href":"https:\/\/survband.com\/pl\/wp-json\/wp\/v2\/product\/158"}],"collection":[{"href":"https:\/\/survband.com\/pl\/wp-json\/wp\/v2\/product"}],"about":[{"href":"https:\/\/survband.com\/pl\/wp-json\/wp\/v2\/types\/product"}],"replies":[{"embeddable":true,"href":"https:\/\/survband.com\/pl\/wp-json\/wp\/v2\/comments?post=158"}],"wp:featuredmedia":[{"embeddable":true,"href":"https:\/\/survband.com\/pl\/wp-json\/wp\/v2\/media\/240"}],"wp:attachment":[{"href":"https:\/\/survband.com\/pl\/wp-json\/wp\/v2\/media?parent=158"}],"wp:term":[{"taxonomy":"product_cat","embeddable":true,"href":"https:\/\/survband.com\/pl\/wp-json\/wp\/v2\/product_cat?post=158"},{"taxonomy":"product_tag","embeddable":true,"href":"https:\/\/survband.com\/pl\/wp-json\/wp\/v2\/product_tag?post=158"}],"curies":[{"name":"wp","href":"https:\/\/api.w.org\/{rel}","templated":true}]}}