{"id":131,"date":"2022-06-13T15:36:25","date_gmt":"2022-06-13T13:36:25","guid":{"rendered":"https:\/\/survband.com\/?post_type=product&#038;p=3238"},"modified":"2023-04-11T00:11:22","modified_gmt":"2023-04-10T22:11:22","slug":"torba-tote-bag-floral-green","status":"publish","type":"product","link":"https:\/\/survband.com\/pl\/produkt\/torba-tote-bag-floral-green\/","title":{"rendered":"Torba Tote Bag Floral Green"},"content":{"rendered":"<p><strong>Torba Tote Bag Floral Green <\/strong>\u2013 torba, kt\u00f3ra doda blasku codziennemu wygl\u0105dowi \u2013 pi\u0119kny design zamkni\u0119ty w najwy\u017cszej jako\u015bci tkaninie. Wysoka estetyka i jako\u015b\u0107, bogactwo kolor\u00f3w, ciekawe kompozycje zaczerpni\u0119te z natury, geometryczne wzory \u2013 blask kolor\u00f3w.<\/p>\n<p>Gruba, wytrzyma\u0142a i odporna na rozdarcia tkanina dekoracyjna zapewni d\u0142ugi okres zadowolenia z produktu.<\/p>\n<h3>Cechy i szczeg\u00f3\u0142y torby tote bag<\/h3>\n<ul>\n<li>Wymiary: 35 x 30 x 18 cm (d\u0142ugo\u015b\u0107 x wysoko\u015b\u0107 x szeroko\u015b\u0107), wysoko\u015b\u0107 r\u0105czki 20 cm<\/li>\n<li>Wielokolorowa gruba, dekoracyjna tkanina poliestrowa z domieszk\u0105 bawe\u0142ny, 320g\/m2, wytrzyma\u0142a i odporna na rozdarcia<\/li>\n<li>Kiesze\u0144 zapinana na zamek<\/li>\n<li>Zwi\u0119z\u0142y wygl\u0105d i dobrze uszyte R\u0118CZNIE WYKONANE rzemios\u0142o<\/li>\n<li>Marka : SURV<\/li>\n<li>Wykonano w Europie, Polska<\/li>\n<\/ul>\n","protected":false},"excerpt":{"rendered":"<p>Torba Tote Bag Floral Green \u2013 torba, kt\u00f3ra doda blasku codziennemu wygl\u0105dowi \u2013 pi\u0119kny design zamkni\u0119ty w najwy\u017cszej jako\u015bci tkaninie. Wysoka estetyka i jako\u015b\u0107, bogactwo kolor\u00f3w, ciekawe kompozycje zaczerpni\u0119te z natury, geometryczne wzory \u2013 blask kolor\u00f3w. Gruba, wytrzyma\u0142a i odporna na rozdarcia tkanina dekoracyjna zapewni d\u0142ugi okres zadowolenia z produktu. Cechy i szczeg\u00f3\u0142y torby tote [&#8230;]\n","protected":false},"featured_media":235,"comment_status":"open","ping_status":"closed","template":"","meta":{"inline_featured_image":false},"product_cat":[38],"product_tag":[],"yoast_head":"<!-- This site is optimized with the Yoast SEO plugin v21.9.1 - https:\/\/yoast.com\/wordpress\/plugins\/seo\/ -->\n<title>Torba Tote Bag Floral Green - SURV<\/title>\n<meta name=\"description\" content=\"Torba Tote Bag Floral Green \u2013 torba, kt\u00f3ra doda blasku codziennemu wygl\u0105dowi \u2013 pi\u0119kny design zamkni\u0119ty w najwy\u017cszej jako\u015bci tkaninie.\" \/>\n<meta name=\"robots\" content=\"index, follow, max-snippet:-1, max-image-preview:large, max-video-preview:-1\" \/>\n<link rel=\"canonical\" href=\"https:\/\/survband.com\/pl\/produkt\/torba-tote-bag-floral-green\/\" \/>\n<meta property=\"og:locale\" content=\"pl_PL\" \/>\n<meta property=\"og:type\" content=\"article\" \/>\n<meta property=\"og:title\" content=\"Torba Tote Bag Floral Green - SURV\" \/>\n<meta property=\"og:description\" content=\"Torba Tote Bag Floral Green \u2013 torba, kt\u00f3ra doda blasku codziennemu wygl\u0105dowi \u2013 pi\u0119kny design zamkni\u0119ty w najwy\u017cszej jako\u015bci tkaninie.\" \/>\n<meta property=\"og:url\" content=\"https:\/\/survband.com\/pl\/produkt\/torba-tote-bag-floral-green\/\" \/>\n<meta property=\"og:site_name\" content=\"SURV\" \/>\n<meta property=\"article:publisher\" content=\"https:\/\/www.facebook.com\/SURVBAND\" \/>\n<meta property=\"article:modified_time\" content=\"2023-04-10T22:11:22+00:00\" \/>\n<meta property=\"og:image\" content=\"https:\/\/survband.com\/pl\/wp-content\/uploads\/2022\/11\/Tote_Bag_Floral_Green_1800x2600px-1.jpg\" \/>\n\t<meta property=\"og:image:width\" content=\"1800\" \/>\n\t<meta property=\"og:image:height\" content=\"2600\" \/>\n\t<meta property=\"og:image:type\" content=\"image\/jpeg\" \/>\n<meta name=\"twitter:card\" content=\"summary_large_image\" \/>\n<meta name=\"twitter:label1\" content=\"Szacowany czas czytania\" \/>\n\t<meta name=\"twitter:data1\" content=\"1 minuta\" \/>\n<script type=\"application\/ld+json\" class=\"yoast-schema-graph\">{\"@context\":\"https:\/\/schema.org\",\"@graph\":[{\"@type\":\"WebPage\",\"@id\":\"https:\/\/survband.com\/pl\/produkt\/torba-tote-bag-floral-green\/\",\"url\":\"https:\/\/survband.com\/pl\/produkt\/torba-tote-bag-floral-green\/\",\"name\":\"Torba Tote Bag Floral Green - SURV\",\"isPartOf\":{\"@id\":\"https:\/\/survband.com\/pl\/#website\"},\"datePublished\":\"2022-06-13T13:36:25+00:00\",\"dateModified\":\"2023-04-10T22:11:22+00:00\",\"description\":\"Torba Tote Bag Floral Green \u2013 torba, kt\u00f3ra doda blasku codziennemu wygl\u0105dowi \u2013 pi\u0119kny design zamkni\u0119ty w najwy\u017cszej jako\u015bci tkaninie.\",\"breadcrumb\":{\"@id\":\"https:\/\/survband.com\/pl\/produkt\/torba-tote-bag-floral-green\/#breadcrumb\"},\"inLanguage\":\"pl-PL\",\"potentialAction\":[{\"@type\":\"ReadAction\",\"target\":[\"https:\/\/survband.com\/pl\/produkt\/torba-tote-bag-floral-green\/\"]}]},{\"@type\":\"BreadcrumbList\",\"@id\":\"https:\/\/survband.com\/pl\/produkt\/torba-tote-bag-floral-green\/#breadcrumb\",\"itemListElement\":[{\"@type\":\"ListItem\",\"position\":1,\"name\":\"Strona g\u0142\u00f3wna\",\"item\":\"https:\/\/survband.com\/pl\/\"},{\"@type\":\"ListItem\",\"position\":2,\"name\":\"Sklep\",\"item\":\"https:\/\/survband.com\/pl\/sklep\/\"},{\"@type\":\"ListItem\",\"position\":3,\"name\":\"Torba Tote Bag Floral Green\"}]},{\"@type\":\"WebSite\",\"@id\":\"https:\/\/survband.com\/pl\/#website\",\"url\":\"https:\/\/survband.com\/pl\/\",\"name\":\"SURV\",\"description\":\"SURV - polska marka z najwy\u017cszej jako\u015bci torbami Tote, pokrowcami na laptopy, workami dla dzieci. Sprawd\u017a nasz\u0105 ofert\u0119 i wybierz co\u015b dla siebie.\",\"publisher\":{\"@id\":\"https:\/\/survband.com\/pl\/#organization\"},\"potentialAction\":[{\"@type\":\"SearchAction\",\"target\":{\"@type\":\"EntryPoint\",\"urlTemplate\":\"https:\/\/survband.com\/pl\/?s={search_term_string}\"},\"query-input\":\"required name=search_term_string\"}],\"inLanguage\":\"pl-PL\"},{\"@type\":\"Organization\",\"@id\":\"https:\/\/survband.com\/pl\/#organization\",\"name\":\"SURV\",\"url\":\"https:\/\/survband.com\/pl\/\",\"logo\":{\"@type\":\"ImageObject\",\"inLanguage\":\"pl-PL\",\"@id\":\"https:\/\/survband.com\/pl\/#\/schema\/logo\/image\/\",\"url\":\"https:\/\/survband.com\/pl\/wp-content\/uploads\/2022\/11\/surv_logo_znak.png\",\"contentUrl\":\"https:\/\/survband.com\/pl\/wp-content\/uploads\/2022\/11\/surv_logo_znak.png\",\"width\":300,\"height\":100,\"caption\":\"SURV\"},\"image\":{\"@id\":\"https:\/\/survband.com\/pl\/#\/schema\/logo\/image\/\"},\"sameAs\":[\"https:\/\/www.facebook.com\/SURVBAND\",\"https:\/\/www.instagram.com\/surv.band\/\"]}]}<\/script>\n<!-- \/ Yoast SEO plugin. -->","yoast_head_json":{"title":"Torba Tote Bag Floral Green - SURV","description":"Torba Tote Bag Floral Green \u2013 torba, kt\u00f3ra doda blasku codziennemu wygl\u0105dowi \u2013 pi\u0119kny design zamkni\u0119ty w najwy\u017cszej jako\u015bci tkaninie.","robots":{"index":"index","follow":"follow","max-snippet":"max-snippet:-1","max-image-preview":"max-image-preview:large","max-video-preview":"max-video-preview:-1"},"canonical":"https:\/\/survband.com\/pl\/produkt\/torba-tote-bag-floral-green\/","og_locale":"pl_PL","og_type":"article","og_title":"Torba Tote Bag Floral Green - SURV","og_description":"Torba Tote Bag Floral Green \u2013 torba, kt\u00f3ra doda blasku codziennemu wygl\u0105dowi \u2013 pi\u0119kny design zamkni\u0119ty w najwy\u017cszej jako\u015bci tkaninie.","og_url":"https:\/\/survband.com\/pl\/produkt\/torba-tote-bag-floral-green\/","og_site_name":"SURV","article_publisher":"https:\/\/www.facebook.com\/SURVBAND","article_modified_time":"2023-04-10T22:11:22+00:00","og_image":[{"width":1800,"height":2600,"url":"https:\/\/survband.com\/pl\/wp-content\/uploads\/2022\/11\/Tote_Bag_Floral_Green_1800x2600px-1.jpg","type":"image\/jpeg"}],"twitter_card":"summary_large_image","twitter_misc":{"Szacowany czas czytania":"1 minuta"},"schema":{"@context":"https:\/\/schema.org","@graph":[{"@type":"WebPage","@id":"https:\/\/survband.com\/pl\/produkt\/torba-tote-bag-floral-green\/","url":"https:\/\/survband.com\/pl\/produkt\/torba-tote-bag-floral-green\/","name":"Torba Tote Bag Floral Green - SURV","isPartOf":{"@id":"https:\/\/survband.com\/pl\/#website"},"datePublished":"2022-06-13T13:36:25+00:00","dateModified":"2023-04-10T22:11:22+00:00","description":"Torba Tote Bag Floral Green \u2013 torba, kt\u00f3ra doda blasku codziennemu wygl\u0105dowi \u2013 pi\u0119kny design zamkni\u0119ty w najwy\u017cszej jako\u015bci tkaninie.","breadcrumb":{"@id":"https:\/\/survband.com\/pl\/produkt\/torba-tote-bag-floral-green\/#breadcrumb"},"inLanguage":"pl-PL","potentialAction":[{"@type":"ReadAction","target":["https:\/\/survband.com\/pl\/produkt\/torba-tote-bag-floral-green\/"]}]},{"@type":"BreadcrumbList","@id":"https:\/\/survband.com\/pl\/produkt\/torba-tote-bag-floral-green\/#breadcrumb","itemListElement":[{"@type":"ListItem","position":1,"name":"Strona g\u0142\u00f3wna","item":"https:\/\/survband.com\/pl\/"},{"@type":"ListItem","position":2,"name":"Sklep","item":"https:\/\/survband.com\/pl\/sklep\/"},{"@type":"ListItem","position":3,"name":"Torba Tote Bag Floral Green"}]},{"@type":"WebSite","@id":"https:\/\/survband.com\/pl\/#website","url":"https:\/\/survband.com\/pl\/","name":"SURV","description":"SURV - polska marka z najwy\u017cszej jako\u015bci torbami Tote, pokrowcami na laptopy, workami dla dzieci. Sprawd\u017a nasz\u0105 ofert\u0119 i wybierz co\u015b dla siebie.","publisher":{"@id":"https:\/\/survband.com\/pl\/#organization"},"potentialAction":[{"@type":"SearchAction","target":{"@type":"EntryPoint","urlTemplate":"https:\/\/survband.com\/pl\/?s={search_term_string}"},"query-input":"required name=search_term_string"}],"inLanguage":"pl-PL"},{"@type":"Organization","@id":"https:\/\/survband.com\/pl\/#organization","name":"SURV","url":"https:\/\/survband.com\/pl\/","logo":{"@type":"ImageObject","inLanguage":"pl-PL","@id":"https:\/\/survband.com\/pl\/#\/schema\/logo\/image\/","url":"https:\/\/survband.com\/pl\/wp-content\/uploads\/2022\/11\/surv_logo_znak.png","contentUrl":"https:\/\/survband.com\/pl\/wp-content\/uploads\/2022\/11\/surv_logo_znak.png","width":300,"height":100,"caption":"SURV"},"image":{"@id":"https:\/\/survband.com\/pl\/#\/schema\/logo\/image\/"},"sameAs":["https:\/\/www.facebook.com\/SURVBAND","https:\/\/www.instagram.com\/surv.band\/"]}]}},"_links":{"self":[{"href":"https:\/\/survband.com\/pl\/wp-json\/wp\/v2\/product\/131"}],"collection":[{"href":"https:\/\/survband.com\/pl\/wp-json\/wp\/v2\/product"}],"about":[{"href":"https:\/\/survband.com\/pl\/wp-json\/wp\/v2\/types\/product"}],"replies":[{"embeddable":true,"href":"https:\/\/survband.com\/pl\/wp-json\/wp\/v2\/comments?post=131"}],"wp:featuredmedia":[{"embeddable":true,"href":"https:\/\/survband.com\/pl\/wp-json\/wp\/v2\/media\/235"}],"wp:attachment":[{"href":"https:\/\/survband.com\/pl\/wp-json\/wp\/v2\/media?parent=131"}],"wp:term":[{"taxonomy":"product_cat","embeddable":true,"href":"https:\/\/survband.com\/pl\/wp-json\/wp\/v2\/product_cat?post=131"},{"taxonomy":"product_tag","embeddable":true,"href":"https:\/\/survband.com\/pl\/wp-json\/wp\/v2\/product_tag?post=131"}],"curies":[{"name":"wp","href":"https:\/\/api.w.org\/{rel}","templated":true}]}}