{"id":270,"date":"2022-11-16T16:08:04","date_gmt":"2022-11-16T15:08:04","guid":{"rendered":"https:\/\/survband.com\/pl\/?page_id=270"},"modified":"2022-11-16T16:08:04","modified_gmt":"2022-11-16T15:08:04","slug":"zwroty-i-reklamacje","status":"publish","type":"page","link":"https:\/\/survband.com\/pl\/zwroty-i-reklamacje\/","title":{"rendered":"Zwroty i reklamacje"},"content":{"rendered":"<h3><strong>ZWROTY<\/strong><\/h3>\n<ul>\n<li>Dok\u0142adamy wszelkich stara\u0144, aby\u015b by\u0142a zadowolona ze wszystkiego, co od nas kupi\u0142a\u015b\/e\u015b, ale je\u015bli z jakiego\u015b powodu jeste\u015b niezadowolona ze swoich produkt\u00f3w, mo\u017cesz zwr\u00f3ci\u0107 je nam w celu uzyskania pe\u0142nego zwrotu pieni\u0119dzy.<\/li>\n<li>Zam\u00f3wienia nale\u017cy zwr\u00f3ci\u0107 poczt\u0105 \/ kurierem w ci\u0105gu 14 dni od daty ich otrzymania. Za produkty odpowiada klient, dop\u00f3ki nie dotr\u0105 do naszego biura.<\/li>\n<li>Koszty zwrotu przesy\u0142ki ponosi kupuj\u0105cy, chyba \u017ce produkt jest uszkodzony.<\/li>\n<li>Zwracamy pe\u0142n\u0105 kwot\u0119 zap\u0142acon\u0105 za produkty, przy u\u017cyciu tej samej metody, kt\u00f3r\u0105 zap\u0142aci\u0142a\u015b za nie lub gdy nie jest to mo\u017cliwe na konto bankowe.<\/li>\n<li>Nie zwracamy pieni\u0119dzy, je\u015bli produkt jest brudny lub nosi \u015blady u\u017cytkowania: sier\u015b\u0107 zwierz\u0105t, zapach perfum itd.<\/li>\n<\/ul>\n<p>Je\u015bli zdecydujesz si\u0119 zwr\u00f3ci\u0107 zam\u00f3wienie, skontaktuj si\u0119 z nami najpierw pod adresem shop@nebule.simplyway.pl, nast\u0119pnie wype\u0142nij <a href=\"\/dokumenty\/Formularz_zwrotu_PL.pdf\" target=\"_blank\" rel=\"noopener noreferrer\"><strong>formularz zwrotu<\/strong><\/a>\u00a0i do\u0142\u0105cz go do paczki.<\/p>\n<h3><strong>REKLAMACJE<\/strong><\/h3>\n<ul>\n<li>Je\u015bli zauwa\u017cysz jakiekolwiek uszkodzenia po otrzymaniu produktu, skontaktuj si\u0119 z nami natychmiast shop@nebule.simplyway.pl, a my do\u0142o\u017cymy wszelkich stara\u0144, aby Ci pom\u00f3c. Je\u015bli chcesz zwr\u00f3ci\u0107 zam\u00f3wienie w celu uzyskania zwrotu pieni\u0119dzy, wype\u0142nij <a href=\"\/dokumenty\/Formularz_zwrotu_PL.pdf\" target=\"_blank\" rel=\"noopener noreferrer\"><strong>formularz zwrotu<\/strong><\/a>.<\/li>\n<\/ul>\n<p><strong>Adres zwrotu:<\/strong><\/p>\n<p>ABOVE P. Poyan-Pogorzelski (zwroty, reklamacje)<br \/>\nKolejowa 12C, lok. 6,<br \/>\n15-701 Bia\u0142ystok, Polska<\/p>\n","protected":false},"excerpt":{"rendered":"<p>ZWROTY Dok\u0142adamy wszelkich stara\u0144, aby\u015b by\u0142a zadowolona ze wszystkiego, co od nas kupi\u0142a\u015b\/e\u015b, ale je\u015bli z jakiego\u015b powodu jeste\u015b niezadowolona ze swoich produkt\u00f3w, mo\u017cesz zwr\u00f3ci\u0107 je nam w celu uzyskania pe\u0142nego zwrotu pieni\u0119dzy. Zam\u00f3wienia nale\u017cy zwr\u00f3ci\u0107 poczt\u0105 \/ kurierem w ci\u0105gu 14 dni od daty ich otrzymania. Za produkty odpowiada klient, dop\u00f3ki nie dotr\u0105 do [&#8230;]\n","protected":false},"author":1,"featured_media":0,"parent":0,"menu_order":0,"comment_status":"closed","ping_status":"closed","template":"","meta":{"inline_featured_image":false,"footnotes":""},"yoast_head":"<!-- This site is optimized with the Yoast SEO plugin v21.9.1 - https:\/\/yoast.com\/wordpress\/plugins\/seo\/ -->\n<title>Zwroty i reklamacje - SURV<\/title>\n<meta name=\"robots\" content=\"index, follow, max-snippet:-1, max-image-preview:large, max-video-preview:-1\" \/>\n<link rel=\"canonical\" href=\"https:\/\/survband.com\/pl\/zwroty-i-reklamacje\/\" \/>\n<meta property=\"og:locale\" content=\"pl_PL\" \/>\n<meta property=\"og:type\" content=\"article\" \/>\n<meta property=\"og:title\" content=\"Zwroty i reklamacje - SURV\" \/>\n<meta property=\"og:description\" content=\"ZWROTY Dok\u0142adamy wszelkich stara\u0144, aby\u015b by\u0142a zadowolona ze wszystkiego, co od nas kupi\u0142a\u015b\/e\u015b, ale je\u015bli z jakiego\u015b powodu jeste\u015b niezadowolona ze swoich produkt\u00f3w, mo\u017cesz zwr\u00f3ci\u0107 je nam w celu uzyskania pe\u0142nego zwrotu pieni\u0119dzy. Zam\u00f3wienia nale\u017cy zwr\u00f3ci\u0107 poczt\u0105 \/ kurierem w ci\u0105gu 14 dni od daty ich otrzymania. Za produkty odpowiada klient, dop\u00f3ki nie dotr\u0105 do [...]\" \/>\n<meta property=\"og:url\" content=\"https:\/\/survband.com\/pl\/zwroty-i-reklamacje\/\" \/>\n<meta property=\"og:site_name\" content=\"SURV\" \/>\n<meta property=\"article:publisher\" content=\"https:\/\/www.facebook.com\/SURVBAND\" \/>\n<meta name=\"twitter:card\" content=\"summary_large_image\" \/>\n<script type=\"application\/ld+json\" class=\"yoast-schema-graph\">{\"@context\":\"https:\/\/schema.org\",\"@graph\":[{\"@type\":\"WebPage\",\"@id\":\"https:\/\/survband.com\/pl\/zwroty-i-reklamacje\/\",\"url\":\"https:\/\/survband.com\/pl\/zwroty-i-reklamacje\/\",\"name\":\"Zwroty i reklamacje - SURV\",\"isPartOf\":{\"@id\":\"https:\/\/survband.com\/pl\/#website\"},\"datePublished\":\"2022-11-16T15:08:04+00:00\",\"dateModified\":\"2022-11-16T15:08:04+00:00\",\"breadcrumb\":{\"@id\":\"https:\/\/survband.com\/pl\/zwroty-i-reklamacje\/#breadcrumb\"},\"inLanguage\":\"pl-PL\",\"potentialAction\":[{\"@type\":\"ReadAction\",\"target\":[\"https:\/\/survband.com\/pl\/zwroty-i-reklamacje\/\"]}]},{\"@type\":\"BreadcrumbList\",\"@id\":\"https:\/\/survband.com\/pl\/zwroty-i-reklamacje\/#breadcrumb\",\"itemListElement\":[{\"@type\":\"ListItem\",\"position\":1,\"name\":\"Strona g\u0142\u00f3wna\",\"item\":\"https:\/\/survband.com\/pl\/\"},{\"@type\":\"ListItem\",\"position\":2,\"name\":\"Zwroty i reklamacje\"}]},{\"@type\":\"WebSite\",\"@id\":\"https:\/\/survband.com\/pl\/#website\",\"url\":\"https:\/\/survband.com\/pl\/\",\"name\":\"SURV\",\"description\":\"SURV - polska marka z najwy\u017cszej jako\u015bci torbami Tote, pokrowcami na laptopy, workami dla dzieci. Sprawd\u017a nasz\u0105 ofert\u0119 i wybierz co\u015b dla siebie.\",\"publisher\":{\"@id\":\"https:\/\/survband.com\/pl\/#organization\"},\"potentialAction\":[{\"@type\":\"SearchAction\",\"target\":{\"@type\":\"EntryPoint\",\"urlTemplate\":\"https:\/\/survband.com\/pl\/?s={search_term_string}\"},\"query-input\":\"required name=search_term_string\"}],\"inLanguage\":\"pl-PL\"},{\"@type\":\"Organization\",\"@id\":\"https:\/\/survband.com\/pl\/#organization\",\"name\":\"SURV\",\"url\":\"https:\/\/survband.com\/pl\/\",\"logo\":{\"@type\":\"ImageObject\",\"inLanguage\":\"pl-PL\",\"@id\":\"https:\/\/survband.com\/pl\/#\/schema\/logo\/image\/\",\"url\":\"https:\/\/survband.com\/pl\/wp-content\/uploads\/2022\/11\/surv_logo_znak.png\",\"contentUrl\":\"https:\/\/survband.com\/pl\/wp-content\/uploads\/2022\/11\/surv_logo_znak.png\",\"width\":300,\"height\":100,\"caption\":\"SURV\"},\"image\":{\"@id\":\"https:\/\/survband.com\/pl\/#\/schema\/logo\/image\/\"},\"sameAs\":[\"https:\/\/www.facebook.com\/SURVBAND\",\"https:\/\/www.instagram.com\/surv.band\/\"]}]}<\/script>\n<!-- \/ Yoast SEO plugin. -->","yoast_head_json":{"title":"Zwroty i reklamacje - SURV","robots":{"index":"index","follow":"follow","max-snippet":"max-snippet:-1","max-image-preview":"max-image-preview:large","max-video-preview":"max-video-preview:-1"},"canonical":"https:\/\/survband.com\/pl\/zwroty-i-reklamacje\/","og_locale":"pl_PL","og_type":"article","og_title":"Zwroty i reklamacje - SURV","og_description":"ZWROTY Dok\u0142adamy wszelkich stara\u0144, aby\u015b by\u0142a zadowolona ze wszystkiego, co od nas kupi\u0142a\u015b\/e\u015b, ale je\u015bli z jakiego\u015b powodu jeste\u015b niezadowolona ze swoich produkt\u00f3w, mo\u017cesz zwr\u00f3ci\u0107 je nam w celu uzyskania pe\u0142nego zwrotu pieni\u0119dzy. Zam\u00f3wienia nale\u017cy zwr\u00f3ci\u0107 poczt\u0105 \/ kurierem w ci\u0105gu 14 dni od daty ich otrzymania. Za produkty odpowiada klient, dop\u00f3ki nie dotr\u0105 do [...]","og_url":"https:\/\/survband.com\/pl\/zwroty-i-reklamacje\/","og_site_name":"SURV","article_publisher":"https:\/\/www.facebook.com\/SURVBAND","twitter_card":"summary_large_image","schema":{"@context":"https:\/\/schema.org","@graph":[{"@type":"WebPage","@id":"https:\/\/survband.com\/pl\/zwroty-i-reklamacje\/","url":"https:\/\/survband.com\/pl\/zwroty-i-reklamacje\/","name":"Zwroty i reklamacje - SURV","isPartOf":{"@id":"https:\/\/survband.com\/pl\/#website"},"datePublished":"2022-11-16T15:08:04+00:00","dateModified":"2022-11-16T15:08:04+00:00","breadcrumb":{"@id":"https:\/\/survband.com\/pl\/zwroty-i-reklamacje\/#breadcrumb"},"inLanguage":"pl-PL","potentialAction":[{"@type":"ReadAction","target":["https:\/\/survband.com\/pl\/zwroty-i-reklamacje\/"]}]},{"@type":"BreadcrumbList","@id":"https:\/\/survband.com\/pl\/zwroty-i-reklamacje\/#breadcrumb","itemListElement":[{"@type":"ListItem","position":1,"name":"Strona g\u0142\u00f3wna","item":"https:\/\/survband.com\/pl\/"},{"@type":"ListItem","position":2,"name":"Zwroty i reklamacje"}]},{"@type":"WebSite","@id":"https:\/\/survband.com\/pl\/#website","url":"https:\/\/survband.com\/pl\/","name":"SURV","description":"SURV - polska marka z najwy\u017cszej jako\u015bci torbami Tote, pokrowcami na laptopy, workami dla dzieci. Sprawd\u017a nasz\u0105 ofert\u0119 i wybierz co\u015b dla siebie.","publisher":{"@id":"https:\/\/survband.com\/pl\/#organization"},"potentialAction":[{"@type":"SearchAction","target":{"@type":"EntryPoint","urlTemplate":"https:\/\/survband.com\/pl\/?s={search_term_string}"},"query-input":"required name=search_term_string"}],"inLanguage":"pl-PL"},{"@type":"Organization","@id":"https:\/\/survband.com\/pl\/#organization","name":"SURV","url":"https:\/\/survband.com\/pl\/","logo":{"@type":"ImageObject","inLanguage":"pl-PL","@id":"https:\/\/survband.com\/pl\/#\/schema\/logo\/image\/","url":"https:\/\/survband.com\/pl\/wp-content\/uploads\/2022\/11\/surv_logo_znak.png","contentUrl":"https:\/\/survband.com\/pl\/wp-content\/uploads\/2022\/11\/surv_logo_znak.png","width":300,"height":100,"caption":"SURV"},"image":{"@id":"https:\/\/survband.com\/pl\/#\/schema\/logo\/image\/"},"sameAs":["https:\/\/www.facebook.com\/SURVBAND","https:\/\/www.instagram.com\/surv.band\/"]}]}},"_links":{"self":[{"href":"https:\/\/survband.com\/pl\/wp-json\/wp\/v2\/pages\/270"}],"collection":[{"href":"https:\/\/survband.com\/pl\/wp-json\/wp\/v2\/pages"}],"about":[{"href":"https:\/\/survband.com\/pl\/wp-json\/wp\/v2\/types\/page"}],"author":[{"embeddable":true,"href":"https:\/\/survband.com\/pl\/wp-json\/wp\/v2\/users\/1"}],"replies":[{"embeddable":true,"href":"https:\/\/survband.com\/pl\/wp-json\/wp\/v2\/comments?post=270"}],"version-history":[{"count":1,"href":"https:\/\/survband.com\/pl\/wp-json\/wp\/v2\/pages\/270\/revisions"}],"predecessor-version":[{"id":271,"href":"https:\/\/survband.com\/pl\/wp-json\/wp\/v2\/pages\/270\/revisions\/271"}],"wp:attachment":[{"href":"https:\/\/survband.com\/pl\/wp-json\/wp\/v2\/media?parent=270"}],"curies":[{"name":"wp","href":"https:\/\/api.w.org\/{rel}","templated":true}]}}