{"id":186,"date":"2022-01-02T12:02:24","date_gmt":"2022-01-02T11:02:24","guid":{"rendered":"https:\/\/survband.com\/?page_id=3249"},"modified":"2024-08-24T15:31:08","modified_gmt":"2024-08-24T13:31:08","slug":"polityka-prywatnosci","status":"publish","type":"page","link":"https:\/\/survband.com\/pl\/polityka-prywatnosci\/","title":{"rendered":"Polityka prywatno\u015bci"},"content":{"rendered":"<p>Podanie danych osobowych, a tak\u017ce zgoda na ich przetwarzanie s\u0105 ca\u0142kowicie dobrowolne. Wszelkie przekazane nam dane osobowe s\u0105 przetwarzane wy\u0142\u0105cznie w zakresie i celu, na jaki wyrazi\u0142e\u015b zgod\u0119. W przypadku, gdy postanowisz jednak nie podawa\u0107 nam niezb\u0119dnych do realizacji zam\u00f3wienia danych i nie wyrazisz zgody na ich przetwarzanie, niestety nie b\u0119dziemy mogli zrealizowa\u0107 Twojego zam\u00f3wienia.<\/p>\n<p>Prosimy, aby\u015b pami\u0119ta\u0142, \u017ce w ka\u017cdej chwili masz prawo do aktualizacji lub ca\u0142kowitego usuni\u0119cia swoich danych osobowych. Mo\u017cesz to zrobi\u0107 samodzielnie, jak i korzystaj\u0105c z naszej pomocy, kt\u00f3rej ch\u0119tnie udzielimy.<\/p>\n<p>Zapewniamy Ci\u0119, \u017ce nasza firma przestrzega restryktywnej polityki bezpiecze\u0144stwa danych osobowych.<\/p>\n<p>I. Kto jest administratorem danych osobowych survband.com?<\/p>\n<p>Administratorem danych osobowych survband.com (dalej Administrator), czyli odpowiedzialnym za zapewnienie bezpiecze\u0144stwa Twoim danym osobowym jest:<\/p>\n<p>BaYka Karolina-Poyan-Pogorzelska wpisan\u0105\/wpisanego do Centralnej Ewidencji i<br \/>\nInformacji o Dzia\u0142alno\u015bci Gospodarczej prowadzonej przez Ministra Gospodarki, nr NIP 5422951737, Praw Kobiet 6, 15-535 Bia\u0142ystok<\/p>\n<p>II. Dlaczego i o jakie Twoje dane osobowe prosimy?<\/p>\n<p>A. Rejestracja<\/p>\n<p>W trakcie rejestracji prosimy o podanie danych niezb\u0119dnych do za\u0142o\u017cenia konta w survband.com, dzi\u0119ki czemu nie musisz przy ka\u017cdym kolejnym zakupie traci\u0107 czasu na ponowne wype\u0142niania ca\u0142ego formularza zam\u00f3wienia. Rejestruj\u0105c si\u0119 oszcz\u0119dzasz czas i pieni\u0105dze, gdy\u017c zarejestrowani klienci uczestnicz\u0105 w programie lojalno\u015bciowym i uzyskuj\u0105 rabaty za wcze\u015bniej dokonane zakupy.<\/p>\n<p>Zarejestrowany klient po zalogowaniu ma r\u00f3wnie\u017c mo\u017cliwo\u015b\u0107 weryfikacji statusu z\u0142o\u017conego zam\u00f3wienia i historii dokonanych zakup\u00f3w. Zarejestrowany i zalogowany klient w ka\u017cdej chwili mo\u017ce samodzielnie poprawia\u0107, uzupe\u0142nia\u0107 lub usun\u0105\u0107 ca\u0142kowicie dane z survband.com.<\/p>\n<p>W trakcie rejestracji prosimy o:<\/p>\n<p>1. imi\u0119 i nazwisko \u2013 niezb\u0119dne nam do wystawienia p\u00f3\u017aniej dokumentu sprzeda\u017cy i zaadresowania przesy\u0142ki;<\/p>\n<p>2. adres (ulica, numer domu\/lub numer domu i lokalu, kod pocztowy i miasto) \u2013 niezb\u0119dny nam p\u00f3\u017aniej do zaadresowania przesy\u0142ki;<\/p>\n<p>3. e-mail \u2013 niezb\u0119dny do logowania do survband.com i komunikacji zwi\u0105zanej z korzystaniem z survband.com;<\/p>\n<p>4. numer telefonu \u2013 niezb\u0119dny w przypadku wyboru niekt\u00f3rych metod dostawy (wymagany przez przewo\u017anik\u00f3w)<\/p>\n<p>Dane podane w trakcie rejestracji s\u0105 przetwarzane wy\u0142\u0105cznie przez survband.com i nie s\u0105 wykorzystywane w \u017caden inny spos\u00f3b.<\/p>\n<p>B. Z\u0142o\u017cenie zam\u00f3wienia<\/p>\n<p>W trakcie sk\u0142adania zam\u00f3wienia prosimy o podanie nam danych niezb\u0119dnych do realizacji zam\u00f3wienia, kt\u00f3re w przypadku zarejestrowanych i zalogowanych Klient\u00f3w cz\u0119\u015bciowo pobierane s\u0105 automatycznie z danych podanych przy rejestracji.<\/p>\n<p>Przy sk\u0142adaniu zam\u00f3wienia prosimy o podanie:<\/p>\n<p>1. imi\u0119 i nazwisko lub nazwa firmy\/instytucji \u2013 niezb\u0119dne do wystawienia dokumentu sprzeda\u017cy i zaadresowania przesy\u0142ki;<\/p>\n<p>2. adres (ulica, numer domu\/lub numer domu i lokalu, kod pocztowy i miasto) \u2013 niezb\u0119dny do zaadresowania przesy\u0142ki;<\/p>\n<p>3. e-mail \u2013 niezb\u0119dny do komunikacji zwi\u0105zanej z realizacj\u0105 zam\u00f3wienia;<\/p>\n<p>4. numer telefonu \u2013 niezb\u0119dny w przypadku wyboru niekt\u00f3rych metod dostawy (wymagany przez przewo\u017anik\u00f3w).<\/p>\n<p>W przypadku, kiedy przy sk\u0142adaniu zam\u00f3wienia Klient wybierze dostaw\u0119 na inny adres ni\u017c wskazany przy rejestracji lub sk\u0142adaniu zam\u00f3wienia, prosimy dodatkowo o podanie:<\/p>\n<p>1. imi\u0119 i nazwisko lub nazwa firmy\/instytucji \u2013 niezb\u0119dne nam do zaadresowania przesy\u0142ki;<\/p>\n<p>2. adres (ulica, numer domu\/lub numer domu i lokalu, kod pocztowy i miasto) \u2013 niezb\u0119dny do zaadresowania przesy\u0142ki;<\/p>\n<p>3. numer telefonu do odbiorcy przesy\u0142ki \u2013 niezb\u0119dny w przypadku wyboru niekt\u00f3rych metod dostawy (wymagany przez przewo\u017anik\u00f3w).<\/p>\n<p>W przypadku, kiedy przy sk\u0142adaniu zam\u00f3wienia Klient wyka\u017ce ch\u0119\u0107 otrzymania faktury VAT prosimy o podanie:<\/p>\n<p>1. imi\u0119 i nazwisko lub nazwa firmy\/instytucji \u2013 niezb\u0119dne do wystawienia faktury;<\/p>\n<p>2. adres (ulica, numer domu\/lub numer domu i lokalu, kod pocztowy i miasto) \u2013 niezb\u0119dne do wystawienia faktury;<\/p>\n<p>3. numer NIP \u2013 niezb\u0119dny do wystawienia faktury;<\/p>\n<p>4. numer telefonu \u2013 niezb\u0119dny w przypadku wyboru niekt\u00f3rych metod dostawy (wymagany przez przewo\u017anik\u00f3w).<\/p>\n<p>Dane podane w trakcie sk\u0142adania zam\u00f3wienia s\u0105 przetwarzane przez survband.com i nast\u0119puj\u0105ce podmioty w podanym poni\u017cej zakresie:<\/p>\n<p>1. imi\u0119 i nazwisko, adres, telefon, e-mail wskazane jako adres dostawy przekazywane s\u0105 firmom przewozowym w postaci etykiety\/listu przewozowego b\u0119d\u0105cego jednocze\u015bnie zleceniem dor\u0119czenia przesy\u0142ki w zale\u017cno\u015bci od wybranego rodzaju przesy\u0142ki przekazywane s\u0105:<\/p>\n<p>a. DPD<\/p>\n<p>b. DHL<\/p>\n<p>c. GLS<\/p>\n<p>2. imi\u0119 i nazwisko, adres, NIP wskazane jako dane na kt\u00f3re ma by\u0107 wystawiony dokument sprzeda\u017cy s\u0105 przekazywane w postaci dokumentu sprzeda\u017cy do systemu ksi\u0119gowego: Fakturownia.pl<\/p>\n<p>W przypadku skorzystania z p\u0142atno\u015bci z wykorzystaniem zewn\u0119trznego systemu p\u0142atno\u015bci, wszelkie dane podane po przej\u015bciu na stron\u0119 operatora p\u0142atno\u015bci pozostaj\u0105 zarejestrowane wy\u0142\u0105cznie w jego bazie i nie s\u0105 w \u017caden spos\u00f3b dost\u0119pne lub przechowywane przez survband.com.<\/p>\n<p>Survband.com wsp\u00f3\u0142pracuje z operatorem p\u0142atno\u015bci: PayU, PayPal, Stripe<\/p>\n<p>C. Subskrypcja newslettera<\/p>\n<p>W przypadku subskrypcji newslettera oraz wyra\u017cenia zgody na jego otrzymywanie w procesie rejestracji lub sk\u0142adania zam\u00f3wienia prosimy o podanie adresu e-mail, imienia oraz okre\u015blenia p\u0142ci. Na podany adres e-mail przesy\u0142ane b\u0119d\u0119 informacje handlowe od Administratora, z kt\u00f3rych w ka\u017cdej chwili mo\u017cesz zrezygnowa\u0107 loguj\u0105c si\u0119 na swoje konto w survband.com lub klikaj\u0105c link anuluj\u0105cy subskrypcj\u0119 i znajduj\u0105cy si\u0119 w stopce ka\u017cdego newslettera.<\/p>\n<p>Dane podane w trakcie subskrypcji newslettera s\u0105 przetwarzane przez survband.com i nast\u0119puj\u0105ce podmioty:<\/p>\n<p>operatora serwisu Mailchimp.com<br \/>\nIII. Twoje dane osobowe, kt\u00f3re pobierane s\u0105 automatycznie po wej\u015bciu na survband.com<\/p>\n<p>A. Survband (serwer)<\/p>\n<p>System informatyczny, z kt\u00f3rego korzysta survband.com automatycznie gromadzi w logach dane zwi\u0105zane z urz\u0105dzeniem, z kt\u00f3rego korzystasz \u0142\u0105cz\u0105c si\u0119 z survband.com. Dane te gromadzone s\u0105 jedynie w celach statystycznych i dotycz\u0105: typu urz\u0105dzenia, systemu operacyjnego, rodzaju przegl\u0105darki internetowej, rozdzielczo\u015bci ekranu, g\u0142\u0119bi kolor\u00f3w, IP, dostawcy us\u0142ug internetowych, czy adres wej\u015bcia na survband.com i s\u0105 wykorzystywane jedynie w procesie optymalizacji survband.com w celu zapewnienia jak najwi\u0119kszej wygody korzystania.<\/p>\n<p>Dane te nie s\u0105 nigdy \u0142\u0105czone z danymi podanymi, o kt\u00f3rych mowa w III cz\u0119\u015bci i stanowi\u0105 jedynie materia\u0142 do analizy statystycznej i mechanizm\u00f3w korygowania b\u0142\u0119d\u00f3w systemowych.<\/p>\n<p>B. Survband (cookies)<\/p>\n<p>Survband wykorzystuje technologi\u0119 \u201ecookies\u201d, czyli plik\u00f3w tekstowych umieszczanych na Twoim urz\u0105dzeniu, w celu umo\u017cliwienia survband.com rozpoznania Ciebie i dostosowania sklepu do Twoich potrzeb.<\/p>\n<p>survband.com wykorzystuje cookies do:<\/p>\n<p>1. zapami\u0119tania zalogowania (sesja trwa 30 minut, po czym cookie jest kasowane);<\/p>\n<p>2. zapami\u0119tania zawarto\u015bci Twojego koszyka (sesja trwa 30 dni, po czym cookie jest kasowane);<\/p>\n<p>3. zapami\u0119tania Twoich preferencji wy\u015bwietlania survband.com (sesja trwa 30 dni, po czym cookie jest kasowane);<\/p>\n<p>4. tworzenia statystyk i raport\u00f3w ogl\u0105dalno\u015bci funkcjonowania survband.com<\/p>\n<p>W przypadku, gdy nie zgadzasz si\u0119 na umieszczanie na swoim urz\u0105dzeniu plik\u00f3w cookies mo\u017ce zablokowa\u0107 ich umieszczenie odpowiednio konfiguruj\u0105c swoja przegl\u0105dark\u0119 internetow\u0105. Informacje jak to zrobi\u0107 znajdziesz w plikach pomocy swojej przegl\u0105darki internetowej. Niestety w przypadku zablokowania plik\u00f3w cookies pochodz\u0105cych z survband.com nie mo\u017cemy zagwarantowa\u0107 jego poprawnego dzia\u0142ania.<\/p>\n<p>Je\u017celi zgadzasz si\u0119 na umieszczanie na swoim urz\u0105dzeniu plik\u00f3w cookies, ale po zako\u0144czeniu odwiedzin w survband.com chcia\u0142by\u015b je skasowa\u0107, mo\u017cesz to zrobi\u0107 bez ryzyka a informacj\u0119 o tym jak, to zrobi\u0107 znajdziesz w plikach pomocy swojej przegl\u0105darki internetowej.<\/p>\n<p>C. Google Analytics (cookies)<\/p>\n<p>Google Analytics wykorzystuje technologi\u0119 \u201ecookies\u201d, czyli plik\u00f3w tekstowych umieszczanych na Twoim urz\u0105dzeniu, w celu umo\u017cliwienia przeanalizowania przez survband.com \u017ar\u00f3de\u0142 ruchu i sposobu, w jaki odwiedzaj\u0105cy korzystaj\u0105 z niego.<\/p>\n<p>Google gromadzi na swoich serwerach dane pozyskane z umieszczania na urz\u0105dzeniach plik\u00f3w cookies i korzysta z tych informacji w celu tworzenia raport\u00f3w i \u015bwiadczenia innych us\u0142ug zwi\u0105zanych z ruchem i korzystaniem z Internetu.<\/p>\n<p>Google mo\u017ce r\u00f3wnie\u017c przekazywa\u0107 te informacje osobom trzecim, je\u017celi b\u0119dzie zobowi\u0105zana to uczyni\u0107 na podstawie przepis\u00f3w prawa lub w przypadku, gdy osoby te przetwarzaj\u0105 takie informacje w imieniu Google.<\/p>\n<p>Dane te nie s\u0105 nigdy \u0142\u0105czone z danymi podanymi, o kt\u00f3rych mowa w III cz\u0119\u015bci i stanowi\u0105 jedynie materia\u0142 do analizy statystycznej i mechanizm\u00f3w korygowania b\u0142\u0119d\u00f3w systemowych.<\/p>\n<p>Je\u017celi nie zgadzasz si\u0119 na umieszczanie na swoim urz\u0105dzeniu plik\u00f3w cookies mo\u017ce zablokowa\u0107 ich umieszczenie odpowiednio konfiguruj\u0105c swoja przegl\u0105dark\u0119 internetow\u0105. Informacje jak to zrobi\u0107 znajdziesz w plikach pomocy swojej przegl\u0105darki internetowej. Niestety w przypadku zablokowania plik\u00f3w cookies Google nie mo\u017cemy zagwarantowa\u0107 poprawnego dzia\u0142ania survband.com.<\/p>\n<p>Je\u017celi zgadzasz si\u0119 na umieszczanie na swoim urz\u0105dzeniu plik\u00f3w cookies Google, ale po zako\u0144czeniu odwiedzin w survband.com chcia\u0142by\u015b je skasowa\u0107, mo\u017cesz to zrobi\u0107 bez ryzyka a informacj\u0119 o tym jak to zrobi\u0107 znajdziesz w plikach pomocy swojej przegl\u0105darki internetowej.<\/p>\n<p>D. Google Ads (cookies)<\/p>\n<p>Google Ads wykorzystuje technologi\u0119 \u201ecookies\u201d, czyli plik\u00f3w tekstowych umieszczanych na Twoim urz\u0105dzeniu, w celu umo\u017cliwienia przez survband.com oceny poprawno\u015bci i skuteczno\u015bci prowadzonej dzia\u0142alno\u015bci reklamowej z wykorzystaniem sieci Ads.<\/p>\n<p>Google gromadzi na swoich serwerach dane pozyskane z umieszczania na urz\u0105dzeniach plik\u00f3w cookies i korzysta z tych informacji w celu tworzenia raport\u00f3w i \u015bwiadczenia innych us\u0142ug zwi\u0105zanych z ruchem i korzystaniem z internetu. Google mo\u017ce r\u00f3wnie\u017c przekazywa\u0107 te informacje osobom trzecim, je\u017celi b\u0119dzie zobowi\u0105zana to uczyni\u0107 na podstawie przepis\u00f3w prawa lub w przypadku, gdy osoby te przetwarzaj\u0105 takie informacje w imieniu Google.<\/p>\n<p>Dane te nie s\u0105 nigdy \u0142\u0105czone z danymi podanymi, o kt\u00f3rych mowa w III cz\u0119\u015bci i stanowi\u0105 jedynie materia\u0142 do analizy statystycznej i mechanizm\u00f3w korygowania b\u0142\u0119d\u00f3w systemowych.<\/p>\n<p>Je\u017celi nie zgadzasz si\u0119 na umieszczanie na swoim urz\u0105dzeniu plik\u00f3w cookies mo\u017ce zablokowa\u0107 ich umieszczenie odpowiednio konfiguruj\u0105c swoja przegl\u0105dark\u0119 internetow\u0105. Informacje jak to zrobi\u0107 znajdziesz w plikach pomocy swojej przegl\u0105darki internetowej. Niestety w przypadku zablokowania plik\u00f3w cookies Google nie mo\u017cemy zagwarantowa\u0107 poprawnego dzia\u0142ania survband.com.<\/p>\n<p>Je\u017celi zgadzasz si\u0119 na umieszczanie na swoim urz\u0105dzeniu plik\u00f3w cookies Google, ale po zako\u0144czeniu odwiedzin w survband.com chcia\u0142by\u015b je skasowa\u0107, mo\u017cesz to zrobi\u0107 bez ryzyka a informacj\u0119 o tym jak to zrobi\u0107 znajdziesz w plikach pomocy swojej przegl\u0105darki internetowej.<\/p>\n<p>IV. Udost\u0119pnianie Twoich danych osobowych<\/p>\n<p>W szczeg\u00f3lnych sytuacjach, w kt\u00f3rych obowi\u0105zuj\u0105ce prawo nakazuje administratorowi udost\u0119pnienie zebranych danych organom pa\u0144stwowym, survband.com dane takie udost\u0119pni. Za wyj\u0105tkiem tych sytuacji, Twoje dane osobowe b\u0119d\u0105 ujawnianie wy\u0142\u0105cznie w zakresie, celu i podmiotom wymienionym w niniejszej polityce prywatno\u015bci.<\/p>\n<p>V. Zmiana polityki bezpiecze\u0144stwa survband.com<\/p>\n<p>Survband zastrzega sobie prawo zmiany polityki prywatno\u015bci, o ile b\u0119dzie wymaga\u0107 tego obowi\u0105zuj\u0105ce prawo, ulegn\u0105 zmianie warunki technologiczne funkcjonowania survband.com lub zmiana b\u0119dzie wprowadza\u0107 standard wy\u017cszy od minimum wymaganego prawem.<\/p>\n<p>O takiej zmianie survband.com powiadomi drog\u0105 elektroniczn\u0105 (na wskazany przy rejestracji e-mail). Powiadomienie zostanie wys\u0142ane co najmniej na 30 dni przed wejs\u0301ciem w \u017cycie nowej polityki prywatno\u015bci. Aktualny tekst polityki prywatno\u015bci zawsze znajduje si\u0119 pod adresem https:\/\/survband.com\/pl\/polityka-prywatnosci\/<\/p>\n<p>VI. Kontakt<\/p>\n<p>Survband kontaktuje si\u0119 z Tob\u0105 korzystaj\u0105c z podanego e-maila, a tylko w szczeg\u00f3lnych sytuacjach korzystamy z podanego przez Ciebie numeru telefonu.<\/p>\n<p>W przypadku jakichkolwiek pyta\u0144 lub w\u0105tpliwo\u015bci co do polityki prywatno\u015bci i bezpiecze\u0144stwa Twoich danych osobowych zach\u0119camy do kontaktu pod naszym numerem telefonu + 48 791 981 501 lub e-mail shop@survband.com W przypadku ch\u0119ci aktualizacji lub usuni\u0119cia Twoich danych osobowych, o ile nie mo\u017cesz lub nie chcesz zrobi\u0107 tego samodzielnie, prosimy o kontakt na nasz e-mail shop@survband.com<\/p>\n","protected":false},"excerpt":{"rendered":"<p>Podanie danych osobowych, a tak\u017ce zgoda na ich przetwarzanie s\u0105 ca\u0142kowicie dobrowolne. Wszelkie przekazane nam dane osobowe s\u0105 przetwarzane wy\u0142\u0105cznie w zakresie i celu, na jaki wyrazi\u0142e\u015b zgod\u0119. W przypadku, gdy postanowisz jednak nie podawa\u0107 nam niezb\u0119dnych do realizacji zam\u00f3wienia danych i nie wyrazisz zgody na ich przetwarzanie, niestety nie b\u0119dziemy mogli zrealizowa\u0107 Twojego zam\u00f3wienia. [&#8230;]\n","protected":false},"author":1,"featured_media":0,"parent":0,"menu_order":0,"comment_status":"closed","ping_status":"open","template":"","meta":{"inline_featured_image":false,"footnotes":""},"yoast_head":"<!-- This site is optimized with the Yoast SEO plugin v21.9.1 - https:\/\/yoast.com\/wordpress\/plugins\/seo\/ -->\n<title>Polityka prywatno\u015bci - SURV<\/title>\n<meta name=\"robots\" content=\"index, follow, max-snippet:-1, max-image-preview:large, max-video-preview:-1\" \/>\n<link rel=\"canonical\" href=\"https:\/\/survband.com\/pl\/polityka-prywatnosci\/\" \/>\n<meta property=\"og:locale\" content=\"pl_PL\" \/>\n<meta property=\"og:type\" content=\"article\" \/>\n<meta property=\"og:title\" content=\"Polityka prywatno\u015bci - SURV\" \/>\n<meta property=\"og:description\" content=\"Podanie danych osobowych, a tak\u017ce zgoda na ich przetwarzanie s\u0105 ca\u0142kowicie dobrowolne. Wszelkie przekazane nam dane osobowe s\u0105 przetwarzane wy\u0142\u0105cznie w zakresie i celu, na jaki wyrazi\u0142e\u015b zgod\u0119. W przypadku, gdy postanowisz jednak nie podawa\u0107 nam niezb\u0119dnych do realizacji zam\u00f3wienia danych i nie wyrazisz zgody na ich przetwarzanie, niestety nie b\u0119dziemy mogli zrealizowa\u0107 Twojego zam\u00f3wienia. [...]\" \/>\n<meta property=\"og:url\" content=\"https:\/\/survband.com\/pl\/polityka-prywatnosci\/\" \/>\n<meta property=\"og:site_name\" content=\"SURV\" \/>\n<meta property=\"article:publisher\" content=\"https:\/\/www.facebook.com\/SURVBAND\" \/>\n<meta property=\"article:modified_time\" content=\"2024-08-24T13:31:08+00:00\" \/>\n<meta name=\"twitter:card\" content=\"summary_large_image\" \/>\n<meta name=\"twitter:label1\" content=\"Szacowany czas czytania\" \/>\n\t<meta name=\"twitter:data1\" content=\"10 minut\" \/>\n<script type=\"application\/ld+json\" class=\"yoast-schema-graph\">{\"@context\":\"https:\/\/schema.org\",\"@graph\":[{\"@type\":\"WebPage\",\"@id\":\"https:\/\/survband.com\/pl\/polityka-prywatnosci\/\",\"url\":\"https:\/\/survband.com\/pl\/polityka-prywatnosci\/\",\"name\":\"Polityka prywatno\u015bci - SURV\",\"isPartOf\":{\"@id\":\"https:\/\/survband.com\/pl\/#website\"},\"datePublished\":\"2022-01-02T11:02:24+00:00\",\"dateModified\":\"2024-08-24T13:31:08+00:00\",\"breadcrumb\":{\"@id\":\"https:\/\/survband.com\/pl\/polityka-prywatnosci\/#breadcrumb\"},\"inLanguage\":\"pl-PL\",\"potentialAction\":[{\"@type\":\"ReadAction\",\"target\":[\"https:\/\/survband.com\/pl\/polityka-prywatnosci\/\"]}]},{\"@type\":\"BreadcrumbList\",\"@id\":\"https:\/\/survband.com\/pl\/polityka-prywatnosci\/#breadcrumb\",\"itemListElement\":[{\"@type\":\"ListItem\",\"position\":1,\"name\":\"Strona g\u0142\u00f3wna\",\"item\":\"https:\/\/survband.com\/pl\/\"},{\"@type\":\"ListItem\",\"position\":2,\"name\":\"Polityka prywatno\u015bci\"}]},{\"@type\":\"WebSite\",\"@id\":\"https:\/\/survband.com\/pl\/#website\",\"url\":\"https:\/\/survband.com\/pl\/\",\"name\":\"SURV\",\"description\":\"SURV - polska marka z najwy\u017cszej jako\u015bci torbami Tote, pokrowcami na laptopy, workami dla dzieci. Sprawd\u017a nasz\u0105 ofert\u0119 i wybierz co\u015b dla siebie.\",\"publisher\":{\"@id\":\"https:\/\/survband.com\/pl\/#organization\"},\"potentialAction\":[{\"@type\":\"SearchAction\",\"target\":{\"@type\":\"EntryPoint\",\"urlTemplate\":\"https:\/\/survband.com\/pl\/?s={search_term_string}\"},\"query-input\":\"required name=search_term_string\"}],\"inLanguage\":\"pl-PL\"},{\"@type\":\"Organization\",\"@id\":\"https:\/\/survband.com\/pl\/#organization\",\"name\":\"SURV\",\"url\":\"https:\/\/survband.com\/pl\/\",\"logo\":{\"@type\":\"ImageObject\",\"inLanguage\":\"pl-PL\",\"@id\":\"https:\/\/survband.com\/pl\/#\/schema\/logo\/image\/\",\"url\":\"https:\/\/survband.com\/pl\/wp-content\/uploads\/2022\/11\/surv_logo_znak.png\",\"contentUrl\":\"https:\/\/survband.com\/pl\/wp-content\/uploads\/2022\/11\/surv_logo_znak.png\",\"width\":300,\"height\":100,\"caption\":\"SURV\"},\"image\":{\"@id\":\"https:\/\/survband.com\/pl\/#\/schema\/logo\/image\/\"},\"sameAs\":[\"https:\/\/www.facebook.com\/SURVBAND\",\"https:\/\/www.instagram.com\/surv.band\/\"]}]}<\/script>\n<!-- \/ Yoast SEO plugin. -->","yoast_head_json":{"title":"Polityka prywatno\u015bci - SURV","robots":{"index":"index","follow":"follow","max-snippet":"max-snippet:-1","max-image-preview":"max-image-preview:large","max-video-preview":"max-video-preview:-1"},"canonical":"https:\/\/survband.com\/pl\/polityka-prywatnosci\/","og_locale":"pl_PL","og_type":"article","og_title":"Polityka prywatno\u015bci - SURV","og_description":"Podanie danych osobowych, a tak\u017ce zgoda na ich przetwarzanie s\u0105 ca\u0142kowicie dobrowolne. Wszelkie przekazane nam dane osobowe s\u0105 przetwarzane wy\u0142\u0105cznie w zakresie i celu, na jaki wyrazi\u0142e\u015b zgod\u0119. W przypadku, gdy postanowisz jednak nie podawa\u0107 nam niezb\u0119dnych do realizacji zam\u00f3wienia danych i nie wyrazisz zgody na ich przetwarzanie, niestety nie b\u0119dziemy mogli zrealizowa\u0107 Twojego zam\u00f3wienia. [...]","og_url":"https:\/\/survband.com\/pl\/polityka-prywatnosci\/","og_site_name":"SURV","article_publisher":"https:\/\/www.facebook.com\/SURVBAND","article_modified_time":"2024-08-24T13:31:08+00:00","twitter_card":"summary_large_image","twitter_misc":{"Szacowany czas czytania":"10 minut"},"schema":{"@context":"https:\/\/schema.org","@graph":[{"@type":"WebPage","@id":"https:\/\/survband.com\/pl\/polityka-prywatnosci\/","url":"https:\/\/survband.com\/pl\/polityka-prywatnosci\/","name":"Polityka prywatno\u015bci - SURV","isPartOf":{"@id":"https:\/\/survband.com\/pl\/#website"},"datePublished":"2022-01-02T11:02:24+00:00","dateModified":"2024-08-24T13:31:08+00:00","breadcrumb":{"@id":"https:\/\/survband.com\/pl\/polityka-prywatnosci\/#breadcrumb"},"inLanguage":"pl-PL","potentialAction":[{"@type":"ReadAction","target":["https:\/\/survband.com\/pl\/polityka-prywatnosci\/"]}]},{"@type":"BreadcrumbList","@id":"https:\/\/survband.com\/pl\/polityka-prywatnosci\/#breadcrumb","itemListElement":[{"@type":"ListItem","position":1,"name":"Strona g\u0142\u00f3wna","item":"https:\/\/survband.com\/pl\/"},{"@type":"ListItem","position":2,"name":"Polityka prywatno\u015bci"}]},{"@type":"WebSite","@id":"https:\/\/survband.com\/pl\/#website","url":"https:\/\/survband.com\/pl\/","name":"SURV","description":"SURV - polska marka z najwy\u017cszej jako\u015bci torbami Tote, pokrowcami na laptopy, workami dla dzieci. Sprawd\u017a nasz\u0105 ofert\u0119 i wybierz co\u015b dla siebie.","publisher":{"@id":"https:\/\/survband.com\/pl\/#organization"},"potentialAction":[{"@type":"SearchAction","target":{"@type":"EntryPoint","urlTemplate":"https:\/\/survband.com\/pl\/?s={search_term_string}"},"query-input":"required name=search_term_string"}],"inLanguage":"pl-PL"},{"@type":"Organization","@id":"https:\/\/survband.com\/pl\/#organization","name":"SURV","url":"https:\/\/survband.com\/pl\/","logo":{"@type":"ImageObject","inLanguage":"pl-PL","@id":"https:\/\/survband.com\/pl\/#\/schema\/logo\/image\/","url":"https:\/\/survband.com\/pl\/wp-content\/uploads\/2022\/11\/surv_logo_znak.png","contentUrl":"https:\/\/survband.com\/pl\/wp-content\/uploads\/2022\/11\/surv_logo_znak.png","width":300,"height":100,"caption":"SURV"},"image":{"@id":"https:\/\/survband.com\/pl\/#\/schema\/logo\/image\/"},"sameAs":["https:\/\/www.facebook.com\/SURVBAND","https:\/\/www.instagram.com\/surv.band\/"]}]}},"_links":{"self":[{"href":"https:\/\/survband.com\/pl\/wp-json\/wp\/v2\/pages\/186"}],"collection":[{"href":"https:\/\/survband.com\/pl\/wp-json\/wp\/v2\/pages"}],"about":[{"href":"https:\/\/survband.com\/pl\/wp-json\/wp\/v2\/types\/page"}],"author":[{"embeddable":true,"href":"https:\/\/survband.com\/pl\/wp-json\/wp\/v2\/users\/1"}],"replies":[{"embeddable":true,"href":"https:\/\/survband.com\/pl\/wp-json\/wp\/v2\/comments?post=186"}],"version-history":[{"count":4,"href":"https:\/\/survband.com\/pl\/wp-json\/wp\/v2\/pages\/186\/revisions"}],"predecessor-version":[{"id":660,"href":"https:\/\/survband.com\/pl\/wp-json\/wp\/v2\/pages\/186\/revisions\/660"}],"wp:attachment":[{"href":"https:\/\/survband.com\/pl\/wp-json\/wp\/v2\/media?parent=186"}],"curies":[{"name":"wp","href":"https:\/\/api.w.org\/{rel}","templated":true}]}}