{"id":180,"date":"2022-01-02T16:20:45","date_gmt":"2022-01-02T15:20:45","guid":{"rendered":"https:\/\/survband.com\/?page_id=3260"},"modified":"2022-01-02T16:20:45","modified_gmt":"2022-01-02T15:20:45","slug":"dostawa-i-platnosc","status":"publish","type":"page","link":"https:\/\/survband.com\/pl\/dostawa-i-platnosc\/","title":{"rendered":"Dostawa i P\u0142atno\u015b\u0107"},"content":{"rendered":"<h3>DOSTAWA<\/h3>\n<p><strong>Dostawa na terenie kraju<\/strong><\/p>\n<ul>\n<li><strong>DARMOWA DOSTAWA<\/strong> &#8211; za zam\u00f3wienia o warto\u015bci od 500 z\u0142,<\/li>\n<li>Przy zam\u00f3wieniach poni\u017cej 500 z\u0142, <strong>koszt dostawy kurierem &#8211; 16 z\u0142<\/strong><\/li>\n<\/ul>\n<p><strong>Unia Europejska<\/strong><\/p>\n<ul>\n<li>Koszt wysy\u0142ki: 6,99 EUR<\/li>\n<\/ul>\n<p><strong>Szwajcaria<\/strong><\/p>\n<ul>\n<li>Koszt wysy\u0142ki: 16 EUR (DHL EXPRESS AIR CARGO)<\/li>\n<\/ul>\n<p><strong>Pozosta\u0142e pa\u0144stwa<\/strong><\/p>\n<ul>\n<li>Koszt wysy\u0142ki: 31 EUR (DHL EXPRESS AIR CARGO)<\/li>\n<\/ul>\n<p><strong>Jak to jest wysy\u0142ane?<\/strong><br \/>\nProdukty z naszej oferty wysy\u0142amy za po\u015brednictwem DPD, GLS lub DHL EXPRESS. Aby uzyska\u0107 wi\u0119cej informacji, zapoznaj si\u0119 z opisem przedmiotu.<\/p>\n<p><strong>WA\u017bNA WIADOMO\u015a\u0106:<\/strong><br \/>\nJe\u015bli towar zostanie dostarczony z oczywistymi uszkodzeniami transportowymi, prosimy o niezw\u0142oczne zg\u0142oszenie takich b\u0142\u0119d\u00f3w dostawcy i jak najszybszy kontakt z nami. Brak z\u0142o\u017cenia reklamacji lub kontaktu nie ma \u017cadnych konsekwencji dla ustawowych roszcze\u0144 gwarancyjnych konsument\u00f3w i s\u0142u\u017cy jedynie wsparciu dostawcy w dochodzeniu jego roszcze\u0144 wobec firmy, kt\u00f3rej zlecono dostaw\u0119 towaru lub firmy ubezpieczeniowej.<\/p>\n<p>*DPD, GLS \u2013 max. 2-4 dni<br \/>\n*DHL EXPRESS (air cargo) \u2013 max. 2 dni (zam\u00f3wienie musi by\u0107 z\u0142o\u017cone do godz. 12:00).<\/p>\n<h3><\/h3>\n<h3>FORMY P\u0141ATNO\u015aCI<\/h3>\n<p>W zale\u017cno\u015bci od warto\u015bci zam\u00f3wienia, wybranej formy dostawy i w\u0142asnych preferencji, mo\u017cesz wybra\u0107 jeden z nast\u0119puj\u0105cych sposob\u00f3w p\u0142atno\u015bci:<\/p>\n<ul>\n<li><strong>Przelew bankowy<\/strong> &#8211; wp\u0142aty nale\u017cy dokona\u0107 na wskazany numer rachunku bankowego, kt\u00f3ry przeka\u017cemy Ci w wiadomo\u015bci email potwierdzaj\u0105cej przyj\u0119cie zam\u00f3wienia. Przelew mo\u017cesz zrealizowa\u0107 przez Internet, na poczcie lub w banku. Po zaksi\u0119gowaniu wp\u0142aty na naszym koncie, rozpoczniemy realizacj\u0119 zam\u00f3wienia.<\/li>\n<li><strong>Szybka p\u0142atno\u015b\u0107 elektroniczna<\/strong> &#8211; najbardziej wygodny i bezpieczny spos\u00f3b dokonania wp\u0142aty za po\u015brednictwem Internetu. W naszym sklepie wykorzystujemy system p\u0142atno\u015bci <strong>Paynow<\/strong>, <strong>PayPal<\/strong>, <strong>Stripe<\/strong>, do kt\u00f3rego zostaniesz przekierowany w celu dokonania p\u0142atno\u015bci. Ca\u0142y proces odbywa si\u0119 szybko i bezpiecznie \u2013 wybierasz sw\u00f3j bank i dokonujesz op\u0142aty.<\/li>\n<li><strong>BILK<\/strong> &#8211; Szybka p\u0142atno\u015b\u0107 za pomoc\u0105 kodu z mobilnej aplikacji banku. Oferujemy szybkie przelewy elektroniczne (najch\u0119tniej wybierana metoda p\u0142atno\u015bci na rynku).<\/li>\n<\/ul>\n<p>System Stripe obs\u0142uguje bezpieczne transakcje:<\/p>\n<ul>\n<li>karty p\u0142atnicze &#8211; Visa, Visa Electron, MasterCard, MasterCard Electronic, Maestro i inne<\/li>\n<\/ul>\n<p>Paynow &#8211; lista obs\u0142ugiwanych obecnie bank\u00f3w dost\u0119pna po wyborze tej formy p\u0142atno\u015bci na etapie zam\u00f3wienia,<\/p>\n","protected":false},"excerpt":{"rendered":"<p>DOSTAWA Dostawa na terenie kraju DARMOWA DOSTAWA &#8211; za zam\u00f3wienia o warto\u015bci od 500 z\u0142, Przy zam\u00f3wieniach poni\u017cej 500 z\u0142, koszt dostawy kurierem &#8211; 16 z\u0142 Unia Europejska Koszt wysy\u0142ki: 6,99 EUR Szwajcaria Koszt wysy\u0142ki: 16 EUR (DHL EXPRESS AIR CARGO) Pozosta\u0142e pa\u0144stwa Koszt wysy\u0142ki: 31 EUR (DHL EXPRESS AIR CARGO) Jak to jest wysy\u0142ane? [&#8230;]\n","protected":false},"author":1,"featured_media":0,"parent":0,"menu_order":0,"comment_status":"closed","ping_status":"closed","template":"","meta":{"inline_featured_image":false,"footnotes":""},"yoast_head":"<!-- This site is optimized with the Yoast SEO plugin v21.9.1 - https:\/\/yoast.com\/wordpress\/plugins\/seo\/ -->\n<title>Dostawa i P\u0142atno\u015b\u0107 - SURV<\/title>\n<meta name=\"robots\" content=\"index, follow, max-snippet:-1, max-image-preview:large, max-video-preview:-1\" \/>\n<link rel=\"canonical\" href=\"https:\/\/survband.com\/pl\/dostawa-i-platnosc\/\" \/>\n<meta property=\"og:locale\" content=\"pl_PL\" \/>\n<meta property=\"og:type\" content=\"article\" \/>\n<meta property=\"og:title\" content=\"Dostawa i P\u0142atno\u015b\u0107 - SURV\" \/>\n<meta property=\"og:description\" content=\"DOSTAWA Dostawa na terenie kraju DARMOWA DOSTAWA &#8211; za zam\u00f3wienia o warto\u015bci od 500 z\u0142, Przy zam\u00f3wieniach poni\u017cej 500 z\u0142, koszt dostawy kurierem &#8211; 16 z\u0142 Unia Europejska Koszt wysy\u0142ki: 6,99 EUR Szwajcaria Koszt wysy\u0142ki: 16 EUR (DHL EXPRESS AIR CARGO) Pozosta\u0142e pa\u0144stwa Koszt wysy\u0142ki: 31 EUR (DHL EXPRESS AIR CARGO) Jak to jest wysy\u0142ane? [...]\" \/>\n<meta property=\"og:url\" content=\"https:\/\/survband.com\/pl\/dostawa-i-platnosc\/\" \/>\n<meta property=\"og:site_name\" content=\"SURV\" \/>\n<meta property=\"article:publisher\" content=\"https:\/\/www.facebook.com\/SURVBAND\" \/>\n<meta name=\"twitter:card\" content=\"summary_large_image\" \/>\n<meta name=\"twitter:label1\" content=\"Szacowany czas czytania\" \/>\n\t<meta name=\"twitter:data1\" content=\"2 minuty\" \/>\n<script type=\"application\/ld+json\" class=\"yoast-schema-graph\">{\"@context\":\"https:\/\/schema.org\",\"@graph\":[{\"@type\":\"WebPage\",\"@id\":\"https:\/\/survband.com\/pl\/dostawa-i-platnosc\/\",\"url\":\"https:\/\/survband.com\/pl\/dostawa-i-platnosc\/\",\"name\":\"Dostawa i P\u0142atno\u015b\u0107 - SURV\",\"isPartOf\":{\"@id\":\"https:\/\/survband.com\/pl\/#website\"},\"datePublished\":\"2022-01-02T15:20:45+00:00\",\"dateModified\":\"2022-01-02T15:20:45+00:00\",\"breadcrumb\":{\"@id\":\"https:\/\/survband.com\/pl\/dostawa-i-platnosc\/#breadcrumb\"},\"inLanguage\":\"pl-PL\",\"potentialAction\":[{\"@type\":\"ReadAction\",\"target\":[\"https:\/\/survband.com\/pl\/dostawa-i-platnosc\/\"]}]},{\"@type\":\"BreadcrumbList\",\"@id\":\"https:\/\/survband.com\/pl\/dostawa-i-platnosc\/#breadcrumb\",\"itemListElement\":[{\"@type\":\"ListItem\",\"position\":1,\"name\":\"Strona g\u0142\u00f3wna\",\"item\":\"https:\/\/survband.com\/pl\/\"},{\"@type\":\"ListItem\",\"position\":2,\"name\":\"Dostawa i P\u0142atno\u015b\u0107\"}]},{\"@type\":\"WebSite\",\"@id\":\"https:\/\/survband.com\/pl\/#website\",\"url\":\"https:\/\/survband.com\/pl\/\",\"name\":\"SURV\",\"description\":\"SURV - polska marka z najwy\u017cszej jako\u015bci torbami Tote, pokrowcami na laptopy, workami dla dzieci. Sprawd\u017a nasz\u0105 ofert\u0119 i wybierz co\u015b dla siebie.\",\"publisher\":{\"@id\":\"https:\/\/survband.com\/pl\/#organization\"},\"potentialAction\":[{\"@type\":\"SearchAction\",\"target\":{\"@type\":\"EntryPoint\",\"urlTemplate\":\"https:\/\/survband.com\/pl\/?s={search_term_string}\"},\"query-input\":\"required name=search_term_string\"}],\"inLanguage\":\"pl-PL\"},{\"@type\":\"Organization\",\"@id\":\"https:\/\/survband.com\/pl\/#organization\",\"name\":\"SURV\",\"url\":\"https:\/\/survband.com\/pl\/\",\"logo\":{\"@type\":\"ImageObject\",\"inLanguage\":\"pl-PL\",\"@id\":\"https:\/\/survband.com\/pl\/#\/schema\/logo\/image\/\",\"url\":\"https:\/\/survband.com\/pl\/wp-content\/uploads\/2022\/11\/surv_logo_znak.png\",\"contentUrl\":\"https:\/\/survband.com\/pl\/wp-content\/uploads\/2022\/11\/surv_logo_znak.png\",\"width\":300,\"height\":100,\"caption\":\"SURV\"},\"image\":{\"@id\":\"https:\/\/survband.com\/pl\/#\/schema\/logo\/image\/\"},\"sameAs\":[\"https:\/\/www.facebook.com\/SURVBAND\",\"https:\/\/www.instagram.com\/surv.band\/\"]}]}<\/script>\n<!-- \/ Yoast SEO plugin. -->","yoast_head_json":{"title":"Dostawa i P\u0142atno\u015b\u0107 - SURV","robots":{"index":"index","follow":"follow","max-snippet":"max-snippet:-1","max-image-preview":"max-image-preview:large","max-video-preview":"max-video-preview:-1"},"canonical":"https:\/\/survband.com\/pl\/dostawa-i-platnosc\/","og_locale":"pl_PL","og_type":"article","og_title":"Dostawa i P\u0142atno\u015b\u0107 - SURV","og_description":"DOSTAWA Dostawa na terenie kraju DARMOWA DOSTAWA &#8211; za zam\u00f3wienia o warto\u015bci od 500 z\u0142, Przy zam\u00f3wieniach poni\u017cej 500 z\u0142, koszt dostawy kurierem &#8211; 16 z\u0142 Unia Europejska Koszt wysy\u0142ki: 6,99 EUR Szwajcaria Koszt wysy\u0142ki: 16 EUR (DHL EXPRESS AIR CARGO) Pozosta\u0142e pa\u0144stwa Koszt wysy\u0142ki: 31 EUR (DHL EXPRESS AIR CARGO) Jak to jest wysy\u0142ane? [...]","og_url":"https:\/\/survband.com\/pl\/dostawa-i-platnosc\/","og_site_name":"SURV","article_publisher":"https:\/\/www.facebook.com\/SURVBAND","twitter_card":"summary_large_image","twitter_misc":{"Szacowany czas czytania":"2 minuty"},"schema":{"@context":"https:\/\/schema.org","@graph":[{"@type":"WebPage","@id":"https:\/\/survband.com\/pl\/dostawa-i-platnosc\/","url":"https:\/\/survband.com\/pl\/dostawa-i-platnosc\/","name":"Dostawa i P\u0142atno\u015b\u0107 - SURV","isPartOf":{"@id":"https:\/\/survband.com\/pl\/#website"},"datePublished":"2022-01-02T15:20:45+00:00","dateModified":"2022-01-02T15:20:45+00:00","breadcrumb":{"@id":"https:\/\/survband.com\/pl\/dostawa-i-platnosc\/#breadcrumb"},"inLanguage":"pl-PL","potentialAction":[{"@type":"ReadAction","target":["https:\/\/survband.com\/pl\/dostawa-i-platnosc\/"]}]},{"@type":"BreadcrumbList","@id":"https:\/\/survband.com\/pl\/dostawa-i-platnosc\/#breadcrumb","itemListElement":[{"@type":"ListItem","position":1,"name":"Strona g\u0142\u00f3wna","item":"https:\/\/survband.com\/pl\/"},{"@type":"ListItem","position":2,"name":"Dostawa i P\u0142atno\u015b\u0107"}]},{"@type":"WebSite","@id":"https:\/\/survband.com\/pl\/#website","url":"https:\/\/survband.com\/pl\/","name":"SURV","description":"SURV - polska marka z najwy\u017cszej jako\u015bci torbami Tote, pokrowcami na laptopy, workami dla dzieci. Sprawd\u017a nasz\u0105 ofert\u0119 i wybierz co\u015b dla siebie.","publisher":{"@id":"https:\/\/survband.com\/pl\/#organization"},"potentialAction":[{"@type":"SearchAction","target":{"@type":"EntryPoint","urlTemplate":"https:\/\/survband.com\/pl\/?s={search_term_string}"},"query-input":"required name=search_term_string"}],"inLanguage":"pl-PL"},{"@type":"Organization","@id":"https:\/\/survband.com\/pl\/#organization","name":"SURV","url":"https:\/\/survband.com\/pl\/","logo":{"@type":"ImageObject","inLanguage":"pl-PL","@id":"https:\/\/survband.com\/pl\/#\/schema\/logo\/image\/","url":"https:\/\/survband.com\/pl\/wp-content\/uploads\/2022\/11\/surv_logo_znak.png","contentUrl":"https:\/\/survband.com\/pl\/wp-content\/uploads\/2022\/11\/surv_logo_znak.png","width":300,"height":100,"caption":"SURV"},"image":{"@id":"https:\/\/survband.com\/pl\/#\/schema\/logo\/image\/"},"sameAs":["https:\/\/www.facebook.com\/SURVBAND","https:\/\/www.instagram.com\/surv.band\/"]}]}},"_links":{"self":[{"href":"https:\/\/survband.com\/pl\/wp-json\/wp\/v2\/pages\/180"}],"collection":[{"href":"https:\/\/survband.com\/pl\/wp-json\/wp\/v2\/pages"}],"about":[{"href":"https:\/\/survband.com\/pl\/wp-json\/wp\/v2\/types\/page"}],"author":[{"embeddable":true,"href":"https:\/\/survband.com\/pl\/wp-json\/wp\/v2\/users\/1"}],"replies":[{"embeddable":true,"href":"https:\/\/survband.com\/pl\/wp-json\/wp\/v2\/comments?post=180"}],"version-history":[{"count":0,"href":"https:\/\/survband.com\/pl\/wp-json\/wp\/v2\/pages\/180\/revisions"}],"wp:attachment":[{"href":"https:\/\/survband.com\/pl\/wp-json\/wp\/v2\/media?parent=180"}],"curies":[{"name":"wp","href":"https:\/\/api.w.org\/{rel}","templated":true}]}}